{"id":8112,"date":"2024-12-10T01:30:17","date_gmt":"2024-12-09T16:30:17","guid":{"rendered":"https:\/\/listman.shop\/costume-br\/product\/1005006013293910\/"},"modified":"2026-04-08T10:38:29","modified_gmt":"2026-04-08T01:38:29","slug":"1005006013293910","status":"publish","type":"product","link":"https:\/\/listman.shop\/costume-br\/product\/1005006013293910\/","title":{"rendered":"Anime trafalgar lei chap\u00e9u de beisebol cosplay trajes unisex branco ponto bon\u00e9 acess\u00f3rios mem\u00f3ria eterna presente prop"},"content":{"rendered":"<div class=\"detailmodule_html\">\n<div class=\"detail-desc-decorate-richtext\">\n<div style=\"text-align:center\" align=\"center\"> <\/div>\n<div style=\"text-align:center\" align=\"center\"><strong><span style=\"font-size:24px\">Anime trafalgar lei chap\u00e9u de beisebol cosplay trajes unisex branco ponto bon\u00e9 acess\u00f3rios mem\u00f3ria eterna presente prop<\/span><\/strong><\/div>\n<div style=\"text-align:center\" align=\"center\"><\/div>\n<div style=\"text-align:center\" align=\"center\"><\/div>\n<p><\/p>\n<div style=\", Arial, Helvetica, sans-serif, Heiti;font-size:14px;font-weight:400;letter-spacing:normal;text-align:center;white-space:normal;margin:0px;margin-bottom:0px;margin-top:0px;margin-left:0px;margin-right:0px;padding:0px 0px 0px 0em;padding-bottom:0px;padding-top:0px;padding-right:0px\" align=\"center\"><span><span style=\"font-size:20px\"><span style=\"font-family:arial, helvetica, sans-serif\"><strong><span>Material: Algod\u00e3o<\/span><\/strong><\/span><\/span><\/span><\/div>\n<div style=\", Arial, Helvetica, sans-serif, Heiti;font-size:14px;font-weight:400;letter-spacing:normal;text-align:center;white-space:normal;margin:0px;margin-bottom:0px;margin-top:0px;margin-left:0px;margin-right:0px;padding:0px 0px 0px 0em;padding-bottom:0px;padding-top:0px;padding-right:0px\" align=\"center\"><\/div>\n<div style=\", Arial, Helvetica, sans-serif, Heiti;font-size:14px;font-weight:400;letter-spacing:normal;text-align:center;white-space:normal;margin:0px;margin-bottom:0px;margin-top:0px;margin-left:0px;margin-right:0px;padding:0px 0px 0px 0em;padding-bottom:0px;padding-top:0px;padding-right:0px\" align=\"center\"><span><span style=\"font-size:20px\"><span style=\"font-family:arial, helvetica, sans-serif\"><strong><span>Tamanho: circunfer\u00eancia da cabe\u00e7a &lt;60 cm<\/span><\/strong><\/span><\/span><\/span><\/div>\n<div style=\", Arial, Helvetica, sans-serif, Heiti;font-size:14px;font-weight:400;letter-spacing:normal;text-align:center;white-space:normal;margin:0px;margin-bottom:0px;margin-top:0px;margin-left:0px;margin-right:0px;padding:0px 0px 0px 0em;padding-bottom:0px;padding-top:0px;padding-right:0px\" align=\"center\"><\/div>\n<div style=\", Arial, Helvetica, sans-serif, Heiti;font-size:14px;font-weight:400;letter-spacing:normal;text-align:center;white-space:normal;margin:0px;margin-bottom:0px;margin-top:0px;margin-left:0px;margin-right:0px;padding:0px 0px 0px 0em;padding-bottom:0px;padding-top:0px;padding-right:0px\" align=\"center\"><span><span style=\"font-size:20px\"><span style=\"font-family:arial, helvetica, sans-serif\"><strong><span>Pacote: 1 * unidades<\/span><\/strong><\/span><\/span><\/span><\/div>\n<div style=\", Arial, Helvetica, sans-serif, Heiti;font-size:14px;font-weight:400;letter-spacing:normal;text-align:center;white-space:normal;margin:0px;margin-bottom:0px;margin-top:0px;margin-left:0px;margin-right:0px;padding:0px 0px 0px 0em;padding-bottom:0px;padding-top:0px;padding-right:0px\" align=\"center\"><\/div>\n<div style=\", Arial, Helvetica, sans-serif, Heiti;font-size:14px;font-weight:400;letter-spacing:normal;text-align:center;white-space:normal;margin:0px;margin-bottom:0px;margin-top:0px;margin-left:0px;margin-right:0px;padding:0px 0px 0px 0em;padding-bottom:0px;padding-top:0px;padding-right:0px\" align=\"center\"><span><span style=\"font-size:20px\"><span style=\"font-family:arial, helvetica, sans-serif\"><strong><span>100% novo feito na china<\/span><\/strong><\/span><\/span><\/span><\/div>\n<div style=\", Arial, Helvetica, sans-serif, Heiti;font-size:14px;font-weight:400;letter-spacing:normal;text-align:center;white-space:normal;margin:0px;margin-bottom:0px;margin-top:0px;margin-left:0px;margin-right:0px;padding:0px 0px 0px 0em;padding-bottom:0px;padding-top:0px;padding-right:0px\" align=\"center\"><\/div>\n<p style=\"text-align:center\" align=\"center\"><img data-recalc-dims=\"1\" decoding=\"async\" src=\"https:\/\/i0.wp.com\/ae01.alicdn.com\/kf\/Sf25f46fe584e4dde9c43bee1391a51d8G.jpg?w=1200&#038;ssl=1\"><img data-recalc-dims=\"1\" decoding=\"async\" src=\"https:\/\/i0.wp.com\/ae01.alicdn.com\/kf\/Sb686bc7a41f34564bef59f2ba1d9edb5N.jpg?w=1200&#038;ssl=1\"><img data-recalc-dims=\"1\" decoding=\"async\" src=\"https:\/\/i0.wp.com\/ae01.alicdn.com\/kf\/Sfaca4f379e6f4d32b9a21e6a1cf770c0p.jpg?w=1200&#038;ssl=1\"><img data-recalc-dims=\"1\" decoding=\"async\" src=\"https:\/\/i0.wp.com\/ae01.alicdn.com\/kf\/S7387226bd9c941b385c42d5522ba9d1e1.jpg?w=1200&#038;ssl=1\"><img data-recalc-dims=\"1\" decoding=\"async\" src=\"https:\/\/i0.wp.com\/ae01.alicdn.com\/kf\/S1628af95dd0b43008b24e70717aab42bI.jpg?w=1200&#038;ssl=1\"><\/p>\n<p><\/div>\n<\/div>\n","protected":false},"excerpt":{"rendered":"<p>Anime trafalgar lei chap\u00e9u de beisebol cosplay trajes unisex branco ponto bon\u00e9 acess\u00f3rios mem\u00f3ria eterna presente prop Material: Algod\u00e3o Tamanho: circunfer\u00eancia da cabe\u00e7a &lt;60 cm Pacote: 1 * unidades 100% novo feito na china<\/p>\n","protected":false},"featured_media":8106,"template":"","meta":{"neve_meta_sidebar":"","neve_meta_container":"","neve_meta_enable_content_width":"","neve_meta_content_width":0,"neve_meta_title_alignment":"","neve_meta_author_avatar":"","neve_post_elements_order":"","neve_meta_disable_header":"","neve_meta_disable_footer":"","neve_meta_disable_title":""},"product_brand":[],"product_cat":[30,28,16],"product_tag":[],"class_list":{"0":"post-8112","1":"product","2":"type-product","3":"status-publish","4":"has-post-thumbnail","6":"product_cat-acessorios-acessorios-para-cosplay","7":"product_cat-acessorios-para-cosplay","8":"product_cat-novidades-e-uso-especial","10":"first","11":"instock","12":"shipping-taxable","13":"purchasable","14":"product-type-variable","15":"has-default-attributes"},"jetpack_sharing_enabled":true,"_links":{"self":[{"href":"https:\/\/listman.shop\/costume-br\/wp-json\/wp\/v2\/product\/8112","targetHints":{"allow":["GET"]}}],"collection":[{"href":"https:\/\/listman.shop\/costume-br\/wp-json\/wp\/v2\/product"}],"about":[{"href":"https:\/\/listman.shop\/costume-br\/wp-json\/wp\/v2\/types\/product"}],"wp:featuredmedia":[{"embeddable":true,"href":"https:\/\/listman.shop\/costume-br\/wp-json\/wp\/v2\/media\/8106"}],"wp:attachment":[{"href":"https:\/\/listman.shop\/costume-br\/wp-json\/wp\/v2\/media?parent=8112"}],"wp:term":[{"taxonomy":"product_brand","embeddable":true,"href":"https:\/\/listman.shop\/costume-br\/wp-json\/wp\/v2\/product_brand?post=8112"},{"taxonomy":"product_cat","embeddable":true,"href":"https:\/\/listman.shop\/costume-br\/wp-json\/wp\/v2\/product_cat?post=8112"},{"taxonomy":"product_tag","embeddable":true,"href":"https:\/\/listman.shop\/costume-br\/wp-json\/wp\/v2\/product_tag?post=8112"}],"curies":[{"name":"wp","href":"https:\/\/api.w.org\/{rel}","templated":true}]}}