{"id":8151,"date":"2024-12-10T01:31:26","date_gmt":"2024-12-09T16:31:26","guid":{"rendered":"https:\/\/listman.shop\/costume-br\/product\/1005006017898490\/"},"modified":"2026-04-08T13:20:09","modified_gmt":"2026-04-08T04:20:09","slug":"1005006017898490","status":"publish","type":"product","link":"https:\/\/listman.shop\/costume-br\/product\/1005006017898490\/","title":{"rendered":"M\u00e1scara de halloween filme jogo de guerra chamada comandante m\u00e1scara de festa unisex balaclava m\u00e1scara cosplay fantasmas cr\u00e2nio m\u00e1scara headwear"},"content":{"rendered":"<div class=\"detailmodule_html\">\n<div class=\"detail-desc-decorate-richtext\">\n<p><\/p>\n<div id=\"nav-description\" style=\", Roboto, Arial, Helvetica, sans-serif, SimSun;font-size:14px;font-weight:400;letter-spacing:normal;text-align:start;white-space:normal;margin:0px;margin-bottom:0px;margin-top:0px;margin-left:0px;margin-right:0px;padding:0px;padding-bottom:0px;padding-top:0px;padding-left:0px;padding-right:0px\" align=\"start\">\n<div style=\"margin:0px;margin-bottom:0px;margin-top:0px;margin-left:0px;margin-right:0px;padding:0px;padding-bottom:0px;padding-top:0px;padding-left:0px;padding-right:0px\">\n<div style=\"margin:0px;margin-bottom:0px;margin-top:0px;margin-left:0px;margin-right:0px;padding:0px;padding-bottom:0px;padding-top:0px;padding-left:0px;padding-right:0px;overflow:hidden;position:relative\" class=\"extend--content--DlnAngg\">\n<div style=\"margin:0px;margin-bottom:0px;margin-top:0px;margin-left:0px;margin-right:0px;padding:0px;padding-bottom:0px;padding-top:0px;padding-left:0px;padding-right:0px\">\n<div id=\"product-description\" style=\"margin:0px;margin-bottom:0px;margin-top:0px;margin-left:0px;margin-right:0px;padding:0px;padding-bottom:0px;padding-top:0px;padding-left:0px;padding-right:0px;max-width:944px;overflow:hidden;position:relative\" class=\"description--product-description--nxRv0lW\">\n<div style=\"margin:0px;margin-bottom:0px;margin-top:0px;margin-left:0px;margin-right:0px;padding:0px;padding-bottom:0px;padding-top:0px;padding-left:0px;padding-right:0px\" class=\"description--origin-part--SsZJoGC\">\n<div style=\"margin:0px;margin-bottom:0px;margin-top:0px;margin-left:0px;margin-right:0px;padding:0px;padding-bottom:0px;padding-top:0px;padding-left:0px;padding-right:0px\" class=\"detailmodule_html\">\n<div style=\"margin:0px;margin-bottom:0px;margin-top:0px;margin-left:0px;margin-right:0px;padding:0px;padding-bottom:0px;padding-top:0px;padding-left:0px;padding-right:0px\" class=\"detail-desc-decorate-richtext\">\n<h1 style=\"text-align:center\" align=\"center\"><span style=\"font-size:14pt;font-family:Arial\" id=\"tl_1\">M&aacute;scara de balaclava com estampa unissex, boa para cosplay de jogos de guerra<\/span><\/h1>\n<div>\n         \n        <\/div>\n<p style=\"line-height:inherit;text-align:left;margin:0px;margin-bottom:0px;margin-top:0px;margin-left:0px;margin-right:0px;padding:0px;padding-bottom:0px;padding-top:0px;padding-left:0px;padding-right:0px\" align=\"left\"><span class=\"standard-edit\"><span style=\"font-size:24px;font-family:Arial\" id=\"tl_2\">Descri&ccedil;&atilde;o do produto:<\/span><\/span><\/p>\n<p style=\"line-height:inherit;margin:0px 0px 10px;margin-bottom:10px;margin-top:0px;margin-left:0px;margin-right:0px;padding:0px;padding-bottom:0px;padding-top:0px;padding-left:0px;padding-right:0px\"><span class=\"standard-edit\"><span><span style=\"font-size:24px\" id=\"tl_3\">1. Mistura de algod&atilde;o<\/span><\/span><\/span><\/p>\n<p style=\"line-height:inherit;margin:0px 0px 10px;margin-bottom:10px;margin-top:0px;margin-left:0px;margin-right:0px;padding:0px;padding-bottom:0px;padding-top:0px;padding-left:0px;padding-right:0px\"><span><span style=\"font-size:24px\" id=\"tl_4\">2.Tamanho:Comprimento:36cm a 38cm<\/span><\/span><\/p>\n<p style=\"line-height:inherit;margin:0px 0px 10px;margin-bottom:10px;margin-top:0px;margin-left:0px;margin-right:0px;padding:0px;padding-bottom:0px;padding-top:0px;padding-left:0px;padding-right:0px\"><span><span style=\"font-size:24px\" id=\"tl_5\">3. Composi&ccedil;&atilde;o do tecido: Tecidos costurados<\/span><\/span><\/p>\n<p style=\"line-height:inherit;margin:0px 0px 10px;margin-bottom:10px;margin-top:0px;margin-left:0px;margin-right:0px;padding:0px;padding-bottom:0px;padding-top:0px;padding-left:0px;padding-right:0px\"><span><span style=\"font-size:24px\" id=\"tl_6\">4. confort&aacute;vel e respir&aacute;vel, inodoro<\/span><\/span><\/p>\n<p style=\"line-height:inherit;margin:0px 0px 10px;margin-bottom:10px;margin-top:0px;margin-left:0px;margin-right:0px;padding:0px;padding-bottom:0px;padding-top:0px;padding-left:0px;padding-right:0px\"><span><span style=\"font-size:24px\" id=\"tl_7\">5. impress&atilde;o de qualidade, n&atilde;o desbota<\/span><\/span><\/p>\n<p style=\"font-size:medium;line-height:inherit;text-align:left;margin:0px 0px 10px;margin-bottom:10px;margin-top:0px;margin-left:0px;margin-right:0px;padding:0px;padding-bottom:0px;padding-top:0px;padding-left:0px;padding-right:0px\" align=\"left\"><span class=\"standard-edit\"><span style=\"font-size:18px;font-family:Arial\" id=\"tl_8\">Por favor, permita uma ligeira diferen&ccedil;a de 1-3cm devido &agrave; medi&ccedil;&atilde;o manual e uma pequena varia&ccedil;&atilde;o de cor para diferentes configura&ccedil;&otilde;es de exibi&ccedil;&atilde;o,<\/span><\/span><\/p>\n<p style=\"font-size:medium;line-height:inherit;text-align:left;margin:0px 0px 10px;margin-bottom:10px;margin-top:0px;margin-left:0px;margin-right:0px;padding:0px;padding-bottom:0px;padding-top:0px;padding-left:0px;padding-right:0px\" align=\"left\"><span class=\"standard-edit\"><span style=\"font-size:18px;font-family:Arial\" id=\"tl_9\">obrigado pela sua compreens&atilde;o!<\/span><\/span><\/p>\n<p style=\"font-size:medium;line-height:inherit;text-align:left;margin:0px 0px 10px;margin-bottom:10px;margin-top:0px;margin-left:0px;margin-right:0px;padding:0px;padding-bottom:0px;padding-top:0px;padding-left:0px;padding-right:0px\" align=\"left\"><span class=\"standard-edit\"><span style=\"font-size:18px;font-family:Arial\" id=\"tl_10\">1 polegada = 2,54 cm<\/span><\/span><\/p>\n<p style=\"font-size:medium;line-height:inherit;text-align:left;margin:0px 0px 10px;margin-bottom:10px;margin-top:0px;margin-left:0px;margin-right:0px;padding:0px;padding-bottom:0px;padding-top:0px;padding-left:0px;padding-right:0px\" align=\"left\"><span class=\"standard-edit\"><span style=\"font-size:18px;font-family:Arial\" id=\"tl_11\">Obrigado e bom dia!<\/span><\/span><\/p>\n<div>\n         \n        <\/div>\n<p style=\"line-height:inherit;text-align:left;margin:0px 0px 10px;margin-bottom:10px;margin-top:0px;margin-left:0px;margin-right:0px;padding:0px;padding-bottom:0px;padding-top:0px;padding-left:0px;padding-right:0px\" align=\"left\"><span style=\"font-size:18px;font-family:Arial\" id=\"tl_12\">O pacote inclui: capacete de 1 unidade<\/span><\/p>\n<div><\/div>\n<p style=\"line-height:inherit;text-align:left;margin:0px 0px 10px;margin-bottom:10px;margin-top:0px;margin-left:0px;margin-right:0px;padding:0px;padding-bottom:0px;padding-top:0px;padding-left:0px;padding-right:0px\" align=\"left\"><span style=\"font-family:arial\"><span style=\"font-size:18px;font-family:inherit\" id=\"tl_13\">Tabela de tamanhos:<\/span><\/span><\/p>\n<div style=\"margin:0px;margin-bottom:0px;margin-top:0px;margin-left:0px;margin-right:0px;padding:0px;padding-bottom:0px;padding-top:0px;padding-left:0px;padding-right:0px\">\n         <span style=\"font-family:arial\"><span style=\"font-size:18px;font-family:inherit\"><br \/><\/span><\/span>\n        <\/div>\n<div>\n         \n        <\/div>\n<p style=\"line-height:inherit;text-align:center;margin:0px;margin-bottom:0px;margin-top:0px;margin-left:0px;margin-right:0px;padding:0px;padding-bottom:0px;padding-top:0px;padding-left:0px;padding-right:0px\" align=\"center\"><img data-recalc-dims=\"1\" decoding=\"async\" style=\"border:0px;margin:0px;margin-bottom:0px;margin-top:0px;margin-left:0px;margin-right:0px;padding:0px;padding-bottom:0px;padding-top:0px;padding-left:0px;padding-right:0px;max-width:100%\" src=\"https:\/\/i0.wp.com\/ae03.alicdn.com\/kf\/S915f077fa0d8429da2aeba2ef21294d8F.jpg?w=1200&#038;ssl=1\" \/><\/p>\n<p><\/p>\n<p style=\"line-height:inherit;text-align:center;margin:0px;margin-bottom:0px;margin-top:0px;margin-left:0px;margin-right:0px;padding:0px;padding-bottom:0px;padding-top:0px;padding-left:0px;padding-right:0px\" align=\"center\"><img data-recalc-dims=\"1\" decoding=\"async\" src=\"https:\/\/i0.wp.com\/ae01.alicdn.com\/kf\/S94dc975bf2384a6e9aaf228ea5b280f0k.jpg?w=1200&#038;ssl=1\" \/><img data-recalc-dims=\"1\" decoding=\"async\" src=\"https:\/\/i0.wp.com\/ae01.alicdn.com\/kf\/S1e0d3ed20a3d4fad8c7431575c45e895l.png?w=1200&#038;ssl=1\" \/><img data-recalc-dims=\"1\" decoding=\"async\" src=\"https:\/\/i0.wp.com\/ae01.alicdn.com\/kf\/Sdcfbbc9509c64bce836544f7efa8e825T.jpg?w=1200&#038;ssl=1\" \/><img data-recalc-dims=\"1\" decoding=\"async\" src=\"https:\/\/i0.wp.com\/ae01.alicdn.com\/kf\/Sff4d50bd05564d1ab348317763171564h.jpg?w=1200&#038;ssl=1\" \/><img data-recalc-dims=\"1\" decoding=\"async\" src=\"https:\/\/i0.wp.com\/ae01.alicdn.com\/kf\/S25a25f478ab2452aa522686e75f3024dP.jpg?w=1200&#038;ssl=1\" \/><\/p>\n<p>\n       <\/div>\n<\/p><\/div>\n<\/p><\/div>\n<\/p><\/div>\n<\/p><\/div>\n<\/p><\/div>\n<\/p><\/div>\n<\/div>\n<p><\/p>\n<\/div>\n<\/div>\n","protected":false},"excerpt":{"rendered":"<p>M&aacute;scara de balaclava com estampa unissex, boa para cosplay de jogos de guerra Descri&ccedil;&atilde;o do produto: 1. Mistura de algod&atilde;o 2.Tamanho:Comprimento:36cm a 38cm 3. Composi&ccedil;&atilde;o do tecido: Tecidos costurados 4. confort&aacute;vel e respir&aacute;vel, inodoro 5. impress&atilde;o de qualidade, n&atilde;o desbota Por favor, permita uma ligeira diferen&ccedil;a de 1-3cm devido &agrave; medi&ccedil;&atilde;o manual e uma pequena&hellip;&nbsp;<\/p>\n","protected":false},"featured_media":8146,"template":"","meta":{"neve_meta_sidebar":"","neve_meta_container":"","neve_meta_enable_content_width":"","neve_meta_content_width":0,"neve_meta_title_alignment":"","neve_meta_author_avatar":"","neve_post_elements_order":"","neve_meta_disable_header":"","neve_meta_disable_footer":"","neve_meta_disable_title":""},"product_brand":[],"product_cat":[30,28,16],"product_tag":[],"class_list":{"0":"post-8151","1":"product","2":"type-product","3":"status-publish","4":"has-post-thumbnail","6":"product_cat-acessorios-acessorios-para-cosplay","7":"product_cat-acessorios-para-cosplay","8":"product_cat-novidades-e-uso-especial","10":"first","11":"instock","12":"shipping-taxable","13":"purchasable","14":"product-type-variable","15":"has-default-attributes"},"jetpack_sharing_enabled":true,"_links":{"self":[{"href":"https:\/\/listman.shop\/costume-br\/wp-json\/wp\/v2\/product\/8151","targetHints":{"allow":["GET"]}}],"collection":[{"href":"https:\/\/listman.shop\/costume-br\/wp-json\/wp\/v2\/product"}],"about":[{"href":"https:\/\/listman.shop\/costume-br\/wp-json\/wp\/v2\/types\/product"}],"wp:featuredmedia":[{"embeddable":true,"href":"https:\/\/listman.shop\/costume-br\/wp-json\/wp\/v2\/media\/8146"}],"wp:attachment":[{"href":"https:\/\/listman.shop\/costume-br\/wp-json\/wp\/v2\/media?parent=8151"}],"wp:term":[{"taxonomy":"product_brand","embeddable":true,"href":"https:\/\/listman.shop\/costume-br\/wp-json\/wp\/v2\/product_brand?post=8151"},{"taxonomy":"product_cat","embeddable":true,"href":"https:\/\/listman.shop\/costume-br\/wp-json\/wp\/v2\/product_cat?post=8151"},{"taxonomy":"product_tag","embeddable":true,"href":"https:\/\/listman.shop\/costume-br\/wp-json\/wp\/v2\/product_tag?post=8151"}],"curies":[{"name":"wp","href":"https:\/\/api.w.org\/{rel}","templated":true}]}}