{"id":8285,"date":"2024-12-10T01:34:57","date_gmt":"2024-12-09T16:34:57","guid":{"rendered":"https:\/\/listman.shop\/costume-br\/product\/1005006039268815\/"},"modified":"2026-04-05T02:18:31","modified_gmt":"2026-04-04T17:18:31","slug":"1005006039268815","status":"publish","type":"product","link":"https:\/\/listman.shop\/costume-br\/product\/1005006039268815\/","title":{"rendered":"Thor m\u00fasculo traje crian\u00e7as brinquedo iluminar machado halloween cosplay traje filme personagem super-her\u00f3i fantasia carnaval macac\u00e3o"},"content":{"rendered":"<div class=\"detailmodule_html\">\n<div class=\"detail-desc-decorate-richtext\">\n<div>\n Seus filhos s&atilde;o f&atilde;s do poderoso Thor?Prepare-os para uma aventura &eacute;pica com nossa fantasia infantil de Thor Muscle, perfeita para Halloween, festas de cosplay e carnavais de fantasia!Esta fantasia de super-her&oacute;i n&atilde;o s&oacute; tem uma apar&ecirc;ncia impressionante, mas tamb&eacute;m vem com algumas caracter&iacute;sticas incr&iacute;veis.<\/p>\n<p>Primeiro vamos falar sobre os m&uacute;sculos.Este traje foi pensado para fazer seu filho parecer uma vers&atilde;o em miniatura do Thor muscular.Com os m&uacute;sculos acolchoados no peito e nos bra&ccedil;os, seu filho se sentir&aacute; como um verdadeiro super-her&oacute;i, pronto para salvar o dia!<\/p>\n<p>Mas isso n&atilde;o &eacute; tudo!Nossa fantasia de Thor vem com um machado iluminado exclusivo.Sim, voc&ecirc; ouviu bem!O machado possui um sistema de ilumina&ccedil;&atilde;o integrado que adiciona um efeito fresco e atraente.Deixe seu filho balan&ccedil;ar o machado e v&ecirc;-lo brilhar, criando um impacto visual deslumbrante em qualquer evento.<\/p>\n<p>A seguran&ccedil;a &eacute; a nossa principal prioridade, por isso garantimos que o machado e o martelo sejam feitos de pl&aacute;stico de alta qualidade.S&atilde;o dur&aacute;veis e leves, garantindo que seu filho possa se divertir por horas sem qualquer desconforto.<\/p>\n<p>Pegar e tirar a fantasia &eacute; muito f&aacute;cil, gra&ccedil;as ao pr&aacute;tico z&iacute;per nas costas.O macac&atilde;o se ajusta perfeitamente e confortavelmente, permitindo que seu pequeno her&oacute;i se mova livremente e participe de qualquer atividade sem quaisquer restri&ccedil;&otilde;es.<\/p>\n<p>Nossa fantasia muscular Thor n&atilde;o se limita apenas a festas de Halloween ou cosplay.Tamb&eacute;m &eacute; um presente fant&aacute;stico para qualquer entusiasta de super-her&oacute;is.Deixe seu filho liberar sua imagina&ccedil;&atilde;o e embarcar em aventuras emocionantes com esta incr&iacute;vel fantasia de super-her&oacute;i.<\/p>\n<p>Ent&atilde;o, o que voc&ecirc; est&aacute; esperando?Prepare seu filho para canalizar seu Thor interior e deixe-o se tornar o her&oacute;i com o qual sempre sonhou.Encomende agora a fantasia infantil de t&oacute;rax com machado iluminado e d&ecirc; vida &agrave; sua fantasia!<\/p>\n<p>Observa&ccedil;&atilde;o: certifique-se de que a descri&ccedil;&atilde;o gerada atenda aos requisitos de comprimento e idioma antes de devolv&ecirc;-la.\n<\/p><\/div>\n<p style=\"margin:0px;margin-bottom:0px;margin-top:0px;margin-left:0px;margin-right:0px;display:block;width:100%\"><img data-recalc-dims=\"1\" decoding=\"async\" src=\"https:\/\/i0.wp.com\/ae03.alicdn.com\/kf\/Sbddf5abcd56749359d052a65d488cd73l.jpg?w=1200&#038;ssl=1\" \/><img data-recalc-dims=\"1\" decoding=\"async\" src=\"https:\/\/i0.wp.com\/ae03.alicdn.com\/kf\/Scb5a7db4549341dc95a951baa1b55bacv.jpg?w=1200&#038;ssl=1\" \/><img data-recalc-dims=\"1\" decoding=\"async\" src=\"https:\/\/i0.wp.com\/ae03.alicdn.com\/kf\/Seedf883093f24ab8be365e12bddc56cem.jpg?w=1200&#038;ssl=1\" \/><img data-recalc-dims=\"1\" decoding=\"async\" src=\"https:\/\/i0.wp.com\/ae03.alicdn.com\/kf\/S1aee0e5cf8aa4f5982a589fe776bdf1dt.jpg?w=1200&#038;ssl=1\" \/><img data-recalc-dims=\"1\" decoding=\"async\" src=\"https:\/\/i0.wp.com\/ae03.alicdn.com\/kf\/S7efc8757ebf24b2982f08f6aadbabdbff.jpg?w=1200&#038;ssl=1\" \/><img data-recalc-dims=\"1\" decoding=\"async\" src=\"https:\/\/i0.wp.com\/ae03.alicdn.com\/kf\/Sca7e362b835c4cdd92ef6ef42feab3ffG.jpg?w=1200&#038;ssl=1\" \/><img data-recalc-dims=\"1\" decoding=\"async\" src=\"https:\/\/i0.wp.com\/ae03.alicdn.com\/kf\/S213f1477cdcd43e5b6f8f2fba1a159des.jpg?w=1200&#038;ssl=1\" \/><img data-recalc-dims=\"1\" decoding=\"async\" src=\"https:\/\/i0.wp.com\/ae03.alicdn.com\/kf\/Saee551b131d04b82a52ebe09a09544b0P.jpg?w=1200&#038;ssl=1\" \/><img data-recalc-dims=\"1\" decoding=\"async\" src=\"https:\/\/i0.wp.com\/ae03.alicdn.com\/kf\/S1a5dafdb8a0740d7aeb6138f93c65454D.jpg?w=1200&#038;ssl=1\" \/><img data-recalc-dims=\"1\" decoding=\"async\" src=\"https:\/\/i0.wp.com\/ae03.alicdn.com\/kf\/Sdd96794997aa45989eea3d57b863b77aH.jpg?w=1200&#038;ssl=1\" \/><img data-recalc-dims=\"1\" decoding=\"async\" src=\"https:\/\/i0.wp.com\/ae03.alicdn.com\/kf\/Sd6595f093efe41129d6b7b87af1e3e82s.jpg?w=1200&#038;ssl=1\" \/><img data-recalc-dims=\"1\" decoding=\"async\" src=\"https:\/\/i0.wp.com\/ae03.alicdn.com\/kf\/S8d7dadbdf26c499b976b0c2755255f6fy.jpg?w=1200&#038;ssl=1\" \/><\/p>\n<p><\/div>\n<\/div>\n","protected":false},"excerpt":{"rendered":"<p>Seus filhos s&atilde;o f&atilde;s do poderoso Thor?Prepare-os para uma aventura &eacute;pica com nossa fantasia infantil de Thor Muscle, perfeita para Halloween, festas de cosplay e carnavais de fantasia!Esta fantasia de super-her&oacute;i n&atilde;o s&oacute; tem uma apar&ecirc;ncia impressionante, mas tamb&eacute;m vem com algumas caracter&iacute;sticas incr&iacute;veis. Primeiro vamos falar sobre os m&uacute;sculos.Este traje foi pensado para fazer&hellip;&nbsp;<\/p>\n","protected":false},"featured_media":8279,"template":"","meta":{"neve_meta_sidebar":"","neve_meta_container":"","neve_meta_enable_content_width":"","neve_meta_content_width":0,"neve_meta_title_alignment":"","neve_meta_author_avatar":"","neve_post_elements_order":"","neve_meta_disable_header":"","neve_meta_disable_footer":"","neve_meta_disable_title":""},"product_brand":[],"product_cat":[38,16,39],"product_tag":[],"class_list":{"0":"post-8285","1":"product","2":"type-product","3":"status-publish","4":"has-post-thumbnail","6":"product_cat-fantasias-de-cosplay","7":"product_cat-novidades-e-uso-especial","8":"product_cat-trajes-de-cosplay-desativar-fantasias-de-cosplay","10":"first","11":"instock","12":"shipping-taxable","13":"purchasable","14":"product-type-variable","15":"has-default-attributes"},"jetpack_sharing_enabled":true,"_links":{"self":[{"href":"https:\/\/listman.shop\/costume-br\/wp-json\/wp\/v2\/product\/8285","targetHints":{"allow":["GET"]}}],"collection":[{"href":"https:\/\/listman.shop\/costume-br\/wp-json\/wp\/v2\/product"}],"about":[{"href":"https:\/\/listman.shop\/costume-br\/wp-json\/wp\/v2\/types\/product"}],"wp:featuredmedia":[{"embeddable":true,"href":"https:\/\/listman.shop\/costume-br\/wp-json\/wp\/v2\/media\/8279"}],"wp:attachment":[{"href":"https:\/\/listman.shop\/costume-br\/wp-json\/wp\/v2\/media?parent=8285"}],"wp:term":[{"taxonomy":"product_brand","embeddable":true,"href":"https:\/\/listman.shop\/costume-br\/wp-json\/wp\/v2\/product_brand?post=8285"},{"taxonomy":"product_cat","embeddable":true,"href":"https:\/\/listman.shop\/costume-br\/wp-json\/wp\/v2\/product_cat?post=8285"},{"taxonomy":"product_tag","embeddable":true,"href":"https:\/\/listman.shop\/costume-br\/wp-json\/wp\/v2\/product_tag?post=8285"}],"curies":[{"name":"wp","href":"https:\/\/api.w.org\/{rel}","templated":true}]}}