{"id":8740,"date":"2024-12-10T01:47:04","date_gmt":"2024-12-09T16:47:04","guid":{"rendered":"https:\/\/listman.shop\/costume-br\/product\/1005006093899924\/"},"modified":"2026-04-08T13:05:30","modified_gmt":"2026-04-08T04:05:30","slug":"1005006093899924","status":"publish","type":"product","link":"https:\/\/listman.shop\/costume-br\/product\/1005006093899924\/","title":{"rendered":"Medieval retro multi-camadas de couro cravejado ombros estilo viking guerreiro armadura de ombro combina\u00e7\u00e3o traje de halloween cosplay"},"content":{"rendered":"<div class=\"detailmodule_html\">\n<div class=\"detail-desc-decorate-richtext\">\n<p><img data-recalc-dims=\"1\" decoding=\"async\" src=\"https:\/\/i0.wp.com\/ae01.alicdn.com\/kf\/Hc56aaa8c46ab4072a333ce5d757a74375.jpg?w=1200&#038;ssl=1\"><span style=\"font-size:20px;font-family:sans-serif\">Nota: medi\u00e7\u00e3o manual, haver\u00e1 alguma diferen\u00e7a<\/span><\/p>\n<p style=\"font-family:arial, helvetica, sans-serif;font-size:14px;font-weight:400;letter-spacing:normal;line-height:20px;text-align:start;white-space:normal;margin:0px 0px 7px;margin-bottom:7px;margin-top:0px;margin-left:0px;margin-right:0px;padding:0px 0px 0px 0em;padding-bottom:0px;padding-top:0px;padding-right:0px\" align=\"start\"><span style=\"font-family:sans-serif\"><span><span style=\"font-size:16px\">Material: couro PU e metal<\/span><\/span><\/span><\/p>\n<p style=\"font-family:arial, helvetica, sans-serif;font-size:14px;font-weight:400;letter-spacing:normal;line-height:20px;text-align:start;white-space:normal;margin:0px 0px 7px;margin-bottom:7px;margin-top:0px;margin-left:0px;margin-right:0px;padding:0px 0px 0px 0em;padding-bottom:0px;padding-top:0px;padding-right:0px\" align=\"start\"><span style=\"font-family:sans-serif\"><span><span style=\"font-size:16px\">Cor: como imagem<\/span><\/span><\/span><\/p>\n<p style=\"font-family:arial, helvetica, sans-serif;font-size:14px;font-weight:400;letter-spacing:normal;line-height:20px;text-align:start;white-space:normal;margin:0px 0px 7px;margin-bottom:7px;margin-top:0px;margin-left:0px;margin-right:0px;padding:0px 0px 0px 0em;padding-bottom:0px;padding-top:0px;padding-right:0px\" align=\"start\"><span style=\"font-family:sans-serif\"><span><span style=\"font-size:16px\">Tamanho:<\/span><\/span><\/span><span style=\"font-family:sans-serif\"><span><span style=\"font-size:16px\"><span>Tamanho \u00fanico serve para todos<\/span><\/span><\/span><\/span><\/p>\n<p style=\"font-family:arial, helvetica, sans-serif;font-size:14px;font-weight:400;letter-spacing:normal;line-height:20px;text-align:start;white-space:normal;margin:0px 0px 7px;margin-bottom:7px;margin-top:0px;margin-left:0px;margin-right:0px;padding:0px 0px 0px 0em;padding-bottom:0px;padding-top:0px;padding-right:0px\" align=\"start\"><span style=\"font-family:sans-serif\"><span><span style=\"font-size:16px\">Espec\u00edficos: Este produto \u00e9 feito \u00e0 m\u00e3o.100% HANDCRAFTE<\/span><\/span><\/span><span style=\"font-family:sans-serif\">,<\/span><span style=\"font-family:sans-serif\"><span><span><span style=\"font-size:16px\">Muito legal, muito legal! !<\/span><\/span><\/span><\/span><img data-recalc-dims=\"1\" decoding=\"async\" src=\"https:\/\/i0.wp.com\/ae01.alicdn.com\/kf\/H3e56c8b367c74c04936597316a5237567.jpg?w=1200&#038;ssl=1\"><img data-recalc-dims=\"1\" decoding=\"async\" src=\"https:\/\/i0.wp.com\/ae01.alicdn.com\/kf\/S01ce62cb570347318611f3a6e269aab8r.jpg?w=1200&#038;ssl=1\"><img data-recalc-dims=\"1\" decoding=\"async\" src=\"https:\/\/i0.wp.com\/ae01.alicdn.com\/kf\/Se4e10a1b8dee4b098d94dbc5f959c5ado.jpg?w=1200&#038;ssl=1\"><img data-recalc-dims=\"1\" decoding=\"async\" src=\"https:\/\/i0.wp.com\/ae01.alicdn.com\/kf\/S3b25746747b4468a87683690e147cdb57.jpg?w=1200&#038;ssl=1\"><img data-recalc-dims=\"1\" decoding=\"async\" src=\"https:\/\/i0.wp.com\/ae01.alicdn.com\/kf\/S2d69723c2b3a479c9856cf3600d4e863H.jpg?w=1200&#038;ssl=1\"><img data-recalc-dims=\"1\" decoding=\"async\" src=\"https:\/\/i0.wp.com\/ae01.alicdn.com\/kf\/S2c9a14fd8e5f4feb8eff0c3b11805f6en.jpg?w=1200&#038;ssl=1\"><img data-recalc-dims=\"1\" decoding=\"async\" src=\"https:\/\/i0.wp.com\/ae01.alicdn.com\/kf\/S440004326f084b4d8fbf88bf88b000a6V.jpg?w=1200&#038;ssl=1\"><img data-recalc-dims=\"1\" decoding=\"async\" src=\"https:\/\/i0.wp.com\/ae01.alicdn.com\/kf\/S1e2293972db64cec9657ed55853b1fc1N.jpg?w=1200&#038;ssl=1\"><img data-recalc-dims=\"1\" decoding=\"async\" src=\"https:\/\/i0.wp.com\/ae01.alicdn.com\/kf\/Sd444558f60e14395a523f5f3de1a4421S.jpg?w=1200&#038;ssl=1\"><img data-recalc-dims=\"1\" decoding=\"async\" src=\"https:\/\/i0.wp.com\/ae01.alicdn.com\/kf\/Sca2c4b8fc8ad49f1870dd159ba18ae52B.jpg?w=1200&#038;ssl=1\"><\/p>\n<\/div>\n<\/div>\n","protected":false},"excerpt":{"rendered":"<p>Nota: medi\u00e7\u00e3o manual, haver\u00e1 alguma diferen\u00e7a Material: couro PU e metal Cor: como imagem Tamanho:Tamanho \u00fanico serve para todos Espec\u00edficos: Este produto \u00e9 feito \u00e0 m\u00e3o.100% HANDCRAFTE,Muito legal, muito legal! !<\/p>\n","protected":false},"featured_media":8734,"template":"","meta":{"neve_meta_sidebar":"","neve_meta_container":"","neve_meta_enable_content_width":"","neve_meta_content_width":0,"neve_meta_title_alignment":"","neve_meta_author_avatar":"","neve_post_elements_order":"","neve_meta_disable_header":"","neve_meta_disable_footer":"","neve_meta_disable_title":""},"product_brand":[],"product_cat":[30,28,16],"product_tag":[],"class_list":{"0":"post-8740","1":"product","2":"type-product","3":"status-publish","4":"has-post-thumbnail","6":"product_cat-acessorios-acessorios-para-cosplay","7":"product_cat-acessorios-para-cosplay","8":"product_cat-novidades-e-uso-especial","10":"first","11":"instock","12":"shipping-taxable","13":"purchasable","14":"product-type-variable","15":"has-default-attributes"},"jetpack_sharing_enabled":true,"_links":{"self":[{"href":"https:\/\/listman.shop\/costume-br\/wp-json\/wp\/v2\/product\/8740","targetHints":{"allow":["GET"]}}],"collection":[{"href":"https:\/\/listman.shop\/costume-br\/wp-json\/wp\/v2\/product"}],"about":[{"href":"https:\/\/listman.shop\/costume-br\/wp-json\/wp\/v2\/types\/product"}],"wp:featuredmedia":[{"embeddable":true,"href":"https:\/\/listman.shop\/costume-br\/wp-json\/wp\/v2\/media\/8734"}],"wp:attachment":[{"href":"https:\/\/listman.shop\/costume-br\/wp-json\/wp\/v2\/media?parent=8740"}],"wp:term":[{"taxonomy":"product_brand","embeddable":true,"href":"https:\/\/listman.shop\/costume-br\/wp-json\/wp\/v2\/product_brand?post=8740"},{"taxonomy":"product_cat","embeddable":true,"href":"https:\/\/listman.shop\/costume-br\/wp-json\/wp\/v2\/product_cat?post=8740"},{"taxonomy":"product_tag","embeddable":true,"href":"https:\/\/listman.shop\/costume-br\/wp-json\/wp\/v2\/product_tag?post=8740"}],"curies":[{"name":"wp","href":"https:\/\/api.w.org\/{rel}","templated":true}]}}