{"id":8768,"date":"2024-12-10T01:47:53","date_gmt":"2024-12-09T16:47:53","guid":{"rendered":"https:\/\/listman.shop\/costume-br\/product\/1005006102813568\/"},"modified":"2026-04-05T04:45:08","modified_gmt":"2026-04-04T19:45:08","slug":"1005006102813568","status":"publish","type":"product","link":"https:\/\/listman.shop\/costume-br\/product\/1005006102813568\/","title":{"rendered":"Manga longa urso arco detalhe lolita vestido de manga longa lolita vestido conjunto completo novo solto lolita vestido op manga longa feminino"},"content":{"rendered":"<div class=\"detailmodule_html\">\n<div class=\"detail-desc-decorate-richtext\">\n<p style=\"text-align:center\" align=\"center\">TAMANHO \u00daNICO<\/p>\n<p style=\"text-align:center\" align=\"center\">COMPRIMENTO Cerca de 90CM<\/p>\n<p style=\"text-align:center\" align=\"center\">OMBRO 36CM<\/p>\n<p style=\"text-align:center\" align=\"center\">BUSTO 90CM<\/p>\n<p style=\"text-align:center\" align=\"center\">Por favor, permita um erro de medi\u00e7\u00e3o de 1-3cm<\/p>\n<p style=\"text-align:center\" align=\"center\"><img data-recalc-dims=\"1\" decoding=\"async\" src=\"https:\/\/i0.wp.com\/ae01.alicdn.com\/kf\/S231f07816a2542b08d1311e40cc08fad8.jpg?w=1200&#038;ssl=1\"><img data-recalc-dims=\"1\" decoding=\"async\" src=\"https:\/\/i0.wp.com\/ae01.alicdn.com\/kf\/Sd6d2e37c737e4a8c9c13ecbd79a31faem.jpg?w=1200&#038;ssl=1\"><img data-recalc-dims=\"1\" decoding=\"async\" src=\"https:\/\/i0.wp.com\/ae01.alicdn.com\/kf\/S42d42f7a8ab84b37be5ab22a9d5ad240B.jpg?w=1200&#038;ssl=1\"><img data-recalc-dims=\"1\" decoding=\"async\" src=\"https:\/\/i0.wp.com\/ae01.alicdn.com\/kf\/S7805c603702b4281b41dbde8b75c4e0da.jpg?w=1200&#038;ssl=1\"><img data-recalc-dims=\"1\" decoding=\"async\" src=\"https:\/\/i0.wp.com\/ae01.alicdn.com\/kf\/Sfc76a2f19244443aaa7d6a4801a1a9bd1.jpg?w=1200&#038;ssl=1\"><img data-recalc-dims=\"1\" decoding=\"async\" src=\"https:\/\/i0.wp.com\/ae01.alicdn.com\/kf\/Scd9f5461f18a42d5aceb98ef4d8e8441g.jpg?w=1200&#038;ssl=1\"><\/p>\n<\/div>\n<\/div>\n","protected":false},"excerpt":{"rendered":"<p>TAMANHO \u00daNICO COMPRIMENTO Cerca de 90CM OMBRO 36CM BUSTO 90CM Por favor, permita um erro de medi\u00e7\u00e3o de 1-3cm<\/p>\n","protected":false},"featured_media":8762,"template":"","meta":{"neve_meta_sidebar":"","neve_meta_container":"","neve_meta_enable_content_width":"","neve_meta_content_width":0,"neve_meta_title_alignment":"","neve_meta_author_avatar":"","neve_post_elements_order":"","neve_meta_disable_header":"","neve_meta_disable_footer":"","neve_meta_disable_title":""},"product_brand":[],"product_cat":[42,38,16],"product_tag":[],"class_list":{"0":"post-8768","1":"product","2":"type-product","3":"status-publish","4":"has-post-thumbnail","6":"product_cat-colecao-de-lolita-fantasias-de-cosplay","7":"product_cat-fantasias-de-cosplay","8":"product_cat-novidades-e-uso-especial","10":"first","11":"instock","12":"shipping-taxable","13":"purchasable","14":"product-type-variable","15":"has-default-attributes"},"jetpack_sharing_enabled":true,"_links":{"self":[{"href":"https:\/\/listman.shop\/costume-br\/wp-json\/wp\/v2\/product\/8768","targetHints":{"allow":["GET"]}}],"collection":[{"href":"https:\/\/listman.shop\/costume-br\/wp-json\/wp\/v2\/product"}],"about":[{"href":"https:\/\/listman.shop\/costume-br\/wp-json\/wp\/v2\/types\/product"}],"wp:featuredmedia":[{"embeddable":true,"href":"https:\/\/listman.shop\/costume-br\/wp-json\/wp\/v2\/media\/8762"}],"wp:attachment":[{"href":"https:\/\/listman.shop\/costume-br\/wp-json\/wp\/v2\/media?parent=8768"}],"wp:term":[{"taxonomy":"product_brand","embeddable":true,"href":"https:\/\/listman.shop\/costume-br\/wp-json\/wp\/v2\/product_brand?post=8768"},{"taxonomy":"product_cat","embeddable":true,"href":"https:\/\/listman.shop\/costume-br\/wp-json\/wp\/v2\/product_cat?post=8768"},{"taxonomy":"product_tag","embeddable":true,"href":"https:\/\/listman.shop\/costume-br\/wp-json\/wp\/v2\/product_tag?post=8768"}],"curies":[{"name":"wp","href":"https:\/\/api.w.org\/{rel}","templated":true}]}}