{"id":8882,"date":"2024-12-10T01:50:46","date_gmt":"2024-12-09T16:50:46","guid":{"rendered":"https:\/\/listman.shop\/costume-br\/product\/1005006117229321\/"},"modified":"2026-04-08T12:40:20","modified_gmt":"2026-04-08T03:40:20","slug":"1005006117229321","status":"publish","type":"product","link":"https:\/\/listman.shop\/costume-br\/product\/1005006117229321\/","title":{"rendered":"Brdwn Luffy unissex amarelo plano palha pesco\u00e7o corda japon\u00eas desenho animado adere\u00e7os chap\u00e9u cosplay"},"content":{"rendered":"<div class=\"detailmodule_html\">\n<div class=\"detail-desc-decorate-richtext\">\n<div class=\"detailmodule_html\">\n<div class=\"detail-desc-decorate-richtext\">\n<div id=\"offer-template-0\" style=\"text-align:center\" align=\"center\"><\/div>\n<div class=\"detailmodule_html\">\n<div class=\"detail-desc-decorate-richtext\">\n<div class=\"detailmodule_html\">\n<div class=\"detail-desc-decorate-richtext\">\n<div>\n       <span style=\"font-size:20px\" id=\"tl_1\">Durante o transporte, o produto pode ser comprimido e deformado, mas &eacute; el&aacute;stico e pode ser restaurado manualmente ap&oacute;s o recebimento.<\/span>\n      <\/div>\n<div>\n       <span style=\"font-size:20px\" id=\"tl_2\">Restaura&ccedil;&atilde;o manual do link de exibi&ccedil;&atilde;o do chap&eacute;u:<\/span>\n      <\/div>\n<div>\n       <span style=\"font-size:20px\"><\/span><br \/>\n       <a href=\"https:\/\/video.aliexpress-media.com\/seller\/play\/5000341360414.mp4\" target=\"_self\"><span style=\"font-size:20px\" id=\"tl_3\">Restaura&ccedil;&atilde;o manual da exibi&ccedil;&atilde;o do chap&eacute;u<\/span><\/a><br \/>\n       <span style=\"font-size:20px\"><\/span>\n      <\/div>\n<\/p><\/div>\n<\/p><\/div>\n<\/p><\/div>\n<\/p><\/div>\n<div>\n   \n  <\/div>\n<p style=\"text-align:center\" align=\"center\"><span style=\"font-size:16pt\" id=\"tl_4\">Circunfer&ecirc;ncia da cabe&ccedil;a 56cm<\/span><\/p>\n<div>\n   \n  <\/div>\n<p style=\"text-align:center\" align=\"center\"><img data-recalc-dims=\"1\" loading=\"lazy\" decoding=\"async\" width=\"800\" height=\"1066\" src=\"https:\/\/i0.wp.com\/ae01.alicdn.com\/kf\/Se678b0d6a44a46a9a49a8b8dfc63691e8.jpg?resize=800%2C1066&#038;ssl=1\" \/><\/p>\n<p style=\"text-align:center\" align=\"center\"><img data-recalc-dims=\"1\" loading=\"lazy\" decoding=\"async\" width=\"790\" height=\"790\" src=\"https:\/\/i0.wp.com\/ae01.alicdn.com\/kf\/S7a991af3058d4b5d87d95189ee33e650g.jpg?resize=790%2C790&#038;ssl=1\" \/><\/p>\n<p><img data-recalc-dims=\"1\" loading=\"lazy\" decoding=\"async\" width=\"790\" height=\"790\" src=\"https:\/\/i0.wp.com\/ae01.alicdn.com\/kf\/S7b7027bfceeb46a9a9f89b530b677300x.jpg?resize=790%2C790&#038;ssl=1\" \/><\/p>\n<p><img data-recalc-dims=\"1\" loading=\"lazy\" decoding=\"async\" width=\"790\" height=\"790\" src=\"https:\/\/i0.wp.com\/ae01.alicdn.com\/kf\/S24191966d6014615a6a9dbf3ddb019573.jpg?resize=790%2C790&#038;ssl=1\" \/><\/p>\n<p><img data-recalc-dims=\"1\" loading=\"lazy\" decoding=\"async\" width=\"790\" height=\"790\" src=\"https:\/\/i0.wp.com\/ae01.alicdn.com\/kf\/Scb06e8ae9cde4f6eaf709213c82747fbZ.jpg?resize=790%2C790&#038;ssl=1\" \/><\/p>\n<p><img data-recalc-dims=\"1\" loading=\"lazy\" decoding=\"async\" width=\"790\" height=\"790\" src=\"https:\/\/i0.wp.com\/ae01.alicdn.com\/kf\/Sb2a4d92a48e64700a4c057f140a2c21df.jpg?resize=790%2C790&#038;ssl=1\" \/><\/p>\n<p><\/p>\n<p style=\"text-align:center\" align=\"center\"><\/p>\n<\/p><\/div>\n<\/div>\n<p><\/p>\n<\/div>\n<\/div>\n","protected":false},"excerpt":{"rendered":"<p>Durante o transporte, o produto pode ser comprimido e deformado, mas &eacute; el&aacute;stico e pode ser restaurado manualmente ap&oacute;s o recebimento. Restaura&ccedil;&atilde;o manual do link de exibi&ccedil;&atilde;o do chap&eacute;u: Restaura&ccedil;&atilde;o manual da exibi&ccedil;&atilde;o do chap&eacute;u Circunfer&ecirc;ncia da cabe&ccedil;a 56cm<\/p>\n","protected":false},"featured_media":8880,"template":"","meta":{"neve_meta_sidebar":"","neve_meta_container":"","neve_meta_enable_content_width":"","neve_meta_content_width":0,"neve_meta_title_alignment":"","neve_meta_author_avatar":"","neve_post_elements_order":"","neve_meta_disable_header":"","neve_meta_disable_footer":"","neve_meta_disable_title":""},"product_brand":[],"product_cat":[30,28,16],"product_tag":[],"class_list":{"0":"post-8882","1":"product","2":"type-product","3":"status-publish","4":"has-post-thumbnail","6":"product_cat-acessorios-acessorios-para-cosplay","7":"product_cat-acessorios-para-cosplay","8":"product_cat-novidades-e-uso-especial","10":"first","11":"instock","12":"shipping-taxable","13":"purchasable","14":"product-type-variable","15":"has-default-attributes"},"jetpack_sharing_enabled":true,"_links":{"self":[{"href":"https:\/\/listman.shop\/costume-br\/wp-json\/wp\/v2\/product\/8882","targetHints":{"allow":["GET"]}}],"collection":[{"href":"https:\/\/listman.shop\/costume-br\/wp-json\/wp\/v2\/product"}],"about":[{"href":"https:\/\/listman.shop\/costume-br\/wp-json\/wp\/v2\/types\/product"}],"wp:featuredmedia":[{"embeddable":true,"href":"https:\/\/listman.shop\/costume-br\/wp-json\/wp\/v2\/media\/8880"}],"wp:attachment":[{"href":"https:\/\/listman.shop\/costume-br\/wp-json\/wp\/v2\/media?parent=8882"}],"wp:term":[{"taxonomy":"product_brand","embeddable":true,"href":"https:\/\/listman.shop\/costume-br\/wp-json\/wp\/v2\/product_brand?post=8882"},{"taxonomy":"product_cat","embeddable":true,"href":"https:\/\/listman.shop\/costume-br\/wp-json\/wp\/v2\/product_cat?post=8882"},{"taxonomy":"product_tag","embeddable":true,"href":"https:\/\/listman.shop\/costume-br\/wp-json\/wp\/v2\/product_tag?post=8882"}],"curies":[{"name":"wp","href":"https:\/\/api.w.org\/{rel}","templated":true}]}}