{"id":8890,"date":"2024-12-10T01:50:57","date_gmt":"2024-12-09T16:50:57","guid":{"rendered":"https:\/\/listman.shop\/costume-br\/product\/1005006117914057\/"},"modified":"2026-04-08T10:19:13","modified_gmt":"2026-04-08T01:19:13","slug":"1005006117914057","status":"publish","type":"product","link":"https:\/\/listman.shop\/costume-br\/product\/1005006117914057\/","title":{"rendered":"Anime trafalgar lei chap\u00e9u cosplay trajes unisex ponto branco bon\u00e9 de pel\u00facia acess\u00f3rios bon\u00e9 de beisebol cole\u00e7\u00e3o presente dia das bruxas"},"content":{"rendered":"<div class=\"detailmodule_html\">\n<div class=\"detail-desc-decorate-richtext\">\n<p style=\"text-align:center\" align=\"center\"><strong><span style=\"font-size:24px\">Anime trafalgar lei chap\u00e9u cosplay trajes unisex ponto branco bon\u00e9 de pel\u00facia acess\u00f3rios bon\u00e9 de beisebol cole\u00e7\u00e3o presente dia das bruxas<\/span><\/strong><\/p>\n<p style=\", Roboto, Arial, Helvetica, sans-serif, SimSun;font-size:14px;font-weight:400;letter-spacing:normal;line-height:inherit;text-align:center;white-space:normal;margin:0px;margin-bottom:0px;margin-top:0px;margin-left:0px;margin-right:0px;padding:0px;padding-bottom:0px;padding-top:0px;padding-left:0px;padding-right:0px\" align=\"center\"><span style=\"font-size:24px;font-family:georgia, serif\"><strong>Material: algod\u00e3o, poli\u00e9ster<\/strong><\/span><\/p>\n<p><\/p>\n<p style=\", Roboto, Arial, Helvetica, sans-serif, SimSun;font-size:14px;font-weight:400;letter-spacing:normal;line-height:inherit;text-align:center;white-space:normal;margin:0px;margin-bottom:0px;margin-top:0px;margin-left:0px;margin-right:0px;padding:0px;padding-bottom:0px;padding-top:0px;padding-left:0px;padding-right:0px\" align=\"center\"><span style=\"font-size:24px;font-family:georgia, serif\"><strong><span style=\"font-size:24px;font-family:georgia, serif\">Tamanho: circunfer\u00eancia da cabe\u00e7a 56-60cm, para a maioria das pessoas<\/span><\/strong><\/span><\/p>\n<p><\/p>\n<p style=\", Roboto, Arial, Helvetica, sans-serif, SimSun;font-size:14px;font-weight:400;letter-spacing:normal;line-height:inherit;text-align:center;white-space:normal;margin:0px;margin-bottom:0px;margin-top:0px;margin-left:0px;margin-right:0px;padding:0px;padding-bottom:0px;padding-top:0px;padding-left:0px;padding-right:0px\" align=\"center\"><span style=\"font-size:24px;font-family:georgia, serif\"><strong>Pacote: 1 *pcs<\/strong><\/span><\/p>\n<p><\/p>\n<p style=\"text-align:center\" align=\"center\"><strong><span style=\"font-size:24px\"><\/span><\/strong><img data-recalc-dims=\"1\" decoding=\"async\" src=\"https:\/\/i0.wp.com\/ae01.alicdn.com\/kf\/S70c12ddc1c7b47cbb27eb1832c7e93c7N.png?w=1200&#038;ssl=1\"><strong><span style=\"font-size:24px\"><\/span><\/strong><img data-recalc-dims=\"1\" decoding=\"async\" src=\"https:\/\/i0.wp.com\/ae01.alicdn.com\/kf\/Sccff7d80e09f4c1f929a6982a1c4eda9P.jpg?w=1200&#038;ssl=1\"><strong><span style=\"font-size:24px\"><\/span><\/strong><img data-recalc-dims=\"1\" decoding=\"async\" src=\"https:\/\/i0.wp.com\/ae01.alicdn.com\/kf\/Sa83750c8353e4028b36ec747644d1f33c.jpg?w=1200&#038;ssl=1\"><strong><span style=\"font-size:24px\"><\/span><\/strong><img data-recalc-dims=\"1\" decoding=\"async\" src=\"https:\/\/i0.wp.com\/ae01.alicdn.com\/kf\/S1e472d3eebf1494b8388ace2a245a16fF.jpg?w=1200&#038;ssl=1\"><strong><span style=\"font-size:24px\"><\/span><\/strong><img data-recalc-dims=\"1\" decoding=\"async\" src=\"https:\/\/i0.wp.com\/ae01.alicdn.com\/kf\/Sd7a9ca943b7b443ca7639c3e22a4ab4bM.jpg?w=1200&#038;ssl=1\"><strong><span style=\"font-size:24px\"><\/span><\/strong><img data-recalc-dims=\"1\" decoding=\"async\" src=\"https:\/\/i0.wp.com\/ae01.alicdn.com\/kf\/S75eb8bb6f9a64bc184c92e88b54292c2q.jpg?w=1200&#038;ssl=1\"><strong><span style=\"font-size:24px\"><\/span><\/strong><img data-recalc-dims=\"1\" decoding=\"async\" src=\"https:\/\/i0.wp.com\/ae01.alicdn.com\/kf\/Sbb025d0931c24c2da25b6afa202901d5M.jpg?w=1200&#038;ssl=1\"><strong><span style=\"font-size:24px\"><\/span><\/strong><img data-recalc-dims=\"1\" decoding=\"async\" src=\"https:\/\/i0.wp.com\/ae01.alicdn.com\/kf\/Sd28286df67e149bdab6eb35f89559c35M.jpg?w=1200&#038;ssl=1\"><strong><span style=\"font-size:24px\"><\/span><\/strong><\/p>\n<\/div>\n<\/div>\n","protected":false},"excerpt":{"rendered":"<p>Anime trafalgar lei chap\u00e9u cosplay trajes unisex ponto branco bon\u00e9 de pel\u00facia acess\u00f3rios bon\u00e9 de beisebol cole\u00e7\u00e3o presente dia das bruxas Material: algod\u00e3o, poli\u00e9ster Tamanho: circunfer\u00eancia da cabe\u00e7a 56-60cm, para a maioria das pessoas Pacote: 1 *pcs<\/p>\n","protected":false},"featured_media":8885,"template":"","meta":{"neve_meta_sidebar":"","neve_meta_container":"","neve_meta_enable_content_width":"","neve_meta_content_width":0,"neve_meta_title_alignment":"","neve_meta_author_avatar":"","neve_post_elements_order":"","neve_meta_disable_header":"","neve_meta_disable_footer":"","neve_meta_disable_title":""},"product_brand":[],"product_cat":[30,28,16],"product_tag":[],"class_list":{"0":"post-8890","1":"product","2":"type-product","3":"status-publish","4":"has-post-thumbnail","6":"product_cat-acessorios-acessorios-para-cosplay","7":"product_cat-acessorios-para-cosplay","8":"product_cat-novidades-e-uso-especial","10":"first","11":"instock","12":"shipping-taxable","13":"purchasable","14":"product-type-variable","15":"has-default-attributes"},"jetpack_sharing_enabled":true,"_links":{"self":[{"href":"https:\/\/listman.shop\/costume-br\/wp-json\/wp\/v2\/product\/8890","targetHints":{"allow":["GET"]}}],"collection":[{"href":"https:\/\/listman.shop\/costume-br\/wp-json\/wp\/v2\/product"}],"about":[{"href":"https:\/\/listman.shop\/costume-br\/wp-json\/wp\/v2\/types\/product"}],"wp:featuredmedia":[{"embeddable":true,"href":"https:\/\/listman.shop\/costume-br\/wp-json\/wp\/v2\/media\/8885"}],"wp:attachment":[{"href":"https:\/\/listman.shop\/costume-br\/wp-json\/wp\/v2\/media?parent=8890"}],"wp:term":[{"taxonomy":"product_brand","embeddable":true,"href":"https:\/\/listman.shop\/costume-br\/wp-json\/wp\/v2\/product_brand?post=8890"},{"taxonomy":"product_cat","embeddable":true,"href":"https:\/\/listman.shop\/costume-br\/wp-json\/wp\/v2\/product_cat?post=8890"},{"taxonomy":"product_tag","embeddable":true,"href":"https:\/\/listman.shop\/costume-br\/wp-json\/wp\/v2\/product_tag?post=8890"}],"curies":[{"name":"wp","href":"https:\/\/api.w.org\/{rel}","templated":true}]}}