{"id":8959,"date":"2024-12-10T01:52:49","date_gmt":"2024-12-09T16:52:49","guid":{"rendered":"https:\/\/listman.shop\/costume-br\/product\/1005006124008287\/"},"modified":"2026-04-05T03:06:54","modified_gmt":"2026-04-04T18:06:54","slug":"1005006124008287","status":"publish","type":"product","link":"https:\/\/listman.shop\/costume-br\/product\/1005006124008287\/","title":{"rendered":"Halloween adulto rei capa vermelha traje crian\u00e7as rei pr\u00edncipe robe coroa capa de veludo crian\u00e7as festa anivers\u00e1rio cosplay acess\u00f3rio terno"},"content":{"rendered":"<div class=\"detailmodule_html\">\n<div class=\"detail-desc-decorate-richtext\">\n<p>Material: poli\u00e9ster, veludo<\/p>\n<p><\/p>\n<p>Tamanho da coroa: 54cm de comprimento, 12cm de altura.<\/p>\n<p><\/p>\n<p>A capa do pr\u00edncipe infantil tem cerca de 90 cm de comprimento.<\/p>\n<p><\/p>\n<\/p>\n<p>A capa do pr\u00edncipe adulto tem cerca de 130 cm de comprimento.<\/p>\n<p><\/p>\n<p>Robe king vermelho com gola branca manchada e acabamento, desenhada com fecho de al\u00e7as autoamarradas.<\/p>\n<p><\/p>\n<p>Adequado para Halloween, dramatiza\u00e7\u00e3o, fantasias, cosplay, performance de palco, etc.<\/p>\n<p><img data-recalc-dims=\"1\" loading=\"lazy\" decoding=\"async\" width=\"800\" height=\"800\" src=\"https:\/\/i0.wp.com\/ae01.alicdn.com\/kf\/S6726f1df417540bab17e1f17ac7ff49cf.jpg?resize=800%2C800&#038;ssl=1\"><img data-recalc-dims=\"1\" decoding=\"async\" src=\"https:\/\/i0.wp.com\/ae01.alicdn.com\/kf\/Sf81c02088e294d8c992d97535ec8e17fJ.jpg?w=1200&#038;ssl=1\"><img data-recalc-dims=\"1\" decoding=\"async\" src=\"https:\/\/i0.wp.com\/ae01.alicdn.com\/kf\/S36a9ea6e8848447dac171d3c4aeca382h.jpg?w=1200&#038;ssl=1\"><img data-recalc-dims=\"1\" loading=\"lazy\" decoding=\"async\" width=\"800\" height=\"800\" src=\"https:\/\/i0.wp.com\/ae01.alicdn.com\/kf\/S9095c428894a4706bfd1986ed2b2c06d3.jpg?resize=800%2C800&#038;ssl=1\"><img data-recalc-dims=\"1\" loading=\"lazy\" decoding=\"async\" width=\"800\" height=\"800\" src=\"https:\/\/i0.wp.com\/ae01.alicdn.com\/kf\/S4f2a070e13ee48fdae5e83355ba62dd1M.jpg?resize=800%2C800&#038;ssl=1\"><img data-recalc-dims=\"1\" decoding=\"async\" src=\"https:\/\/i0.wp.com\/ae01.alicdn.com\/kf\/S8a8cc68122e94650aea54e1a9e9b438bx.jpg?w=1200&#038;ssl=1\"><img data-recalc-dims=\"1\" loading=\"lazy\" decoding=\"async\" width=\"800\" height=\"800\" src=\"https:\/\/i0.wp.com\/ae01.alicdn.com\/kf\/S6b07cf09e132422797cb449b0a61b6e4t.jpg?resize=800%2C800&#038;ssl=1\"><img data-recalc-dims=\"1\" loading=\"lazy\" decoding=\"async\" width=\"800\" height=\"800\" src=\"https:\/\/i0.wp.com\/ae01.alicdn.com\/kf\/S771b9ce9dba84c08b2da69cecd0e6796P.jpg?resize=800%2C800&#038;ssl=1\"><img data-recalc-dims=\"1\" decoding=\"async\" src=\"https:\/\/i0.wp.com\/ae01.alicdn.com\/kf\/S8131c74d449648f88ed1eed5a4597fed7.png?w=1200&#038;ssl=1\"><img data-recalc-dims=\"1\" decoding=\"async\" src=\"https:\/\/i0.wp.com\/ae01.alicdn.com\/kf\/Se8fc22722ae7436fa65e443c68c08a61s.jpg?w=1200&#038;ssl=1\"><\/p>\n<\/p>\n<\/div>\n<\/div>\n","protected":false},"excerpt":{"rendered":"<p>Material: poli\u00e9ster, veludo Tamanho da coroa: 54cm de comprimento, 12cm de altura. A capa do pr\u00edncipe infantil tem cerca de 90 cm de comprimento. A capa do pr\u00edncipe adulto tem cerca de 130 cm de comprimento. Robe king vermelho com gola branca manchada e acabamento, desenhada com fecho de al\u00e7as autoamarradas. Adequado para Halloween, dramatiza\u00e7\u00e3o,&hellip;&nbsp;<\/p>\n","protected":false},"featured_media":8954,"template":"","meta":{"neve_meta_sidebar":"","neve_meta_container":"","neve_meta_enable_content_width":"","neve_meta_content_width":0,"neve_meta_title_alignment":"","neve_meta_author_avatar":"","neve_post_elements_order":"","neve_meta_disable_header":"","neve_meta_disable_footer":"","neve_meta_disable_title":""},"product_brand":[],"product_cat":[38,16,39],"product_tag":[],"class_list":{"0":"post-8959","1":"product","2":"type-product","3":"status-publish","4":"has-post-thumbnail","6":"product_cat-fantasias-de-cosplay","7":"product_cat-novidades-e-uso-especial","8":"product_cat-trajes-de-cosplay-desativar-fantasias-de-cosplay","10":"first","11":"instock","12":"shipping-taxable","13":"purchasable","14":"product-type-variable","15":"has-default-attributes"},"jetpack_sharing_enabled":true,"_links":{"self":[{"href":"https:\/\/listman.shop\/costume-br\/wp-json\/wp\/v2\/product\/8959","targetHints":{"allow":["GET"]}}],"collection":[{"href":"https:\/\/listman.shop\/costume-br\/wp-json\/wp\/v2\/product"}],"about":[{"href":"https:\/\/listman.shop\/costume-br\/wp-json\/wp\/v2\/types\/product"}],"wp:featuredmedia":[{"embeddable":true,"href":"https:\/\/listman.shop\/costume-br\/wp-json\/wp\/v2\/media\/8954"}],"wp:attachment":[{"href":"https:\/\/listman.shop\/costume-br\/wp-json\/wp\/v2\/media?parent=8959"}],"wp:term":[{"taxonomy":"product_brand","embeddable":true,"href":"https:\/\/listman.shop\/costume-br\/wp-json\/wp\/v2\/product_brand?post=8959"},{"taxonomy":"product_cat","embeddable":true,"href":"https:\/\/listman.shop\/costume-br\/wp-json\/wp\/v2\/product_cat?post=8959"},{"taxonomy":"product_tag","embeddable":true,"href":"https:\/\/listman.shop\/costume-br\/wp-json\/wp\/v2\/product_tag?post=8959"}],"curies":[{"name":"wp","href":"https:\/\/api.w.org\/{rel}","templated":true}]}}