{"id":142044,"date":"2024-04-07T02:23:24","date_gmt":"2024-04-06T17:23:24","guid":{"rendered":"https:\/\/ec.listman.com\/furniture\/product\/ds-2375539\/"},"modified":"2026-01-04T01:03:07","modified_gmt":"2026-01-03T16:03:07","slug":"ds-2375539","status":"publish","type":"product","link":"https:\/\/listman.shop\/furniture\/product\/ds-2375539\/","title":{"rendered":"\u30c6\u30ec\u30d3\u53f0 \u30c6\u30ec\u30d3\u30dc\u30fc\u30c9 \u5e4575cm \u30db\u30ef\u30a4\u30c8 \u65e5\u672c\u88fd \u30b3\u30fc\u30ca\u30fc\u30dc\u30fc\u30c9 \u30ea\u30d3\u30f3\u30b0 \u30c0\u30a4\u30cb\u30f3\u30b0 \u30d9\u30c3\u30c9\u30eb\u30fc\u30e0 \u30ae\u30d5\u30c8 \u5b8c\u6210\u54c1"},"content":{"rendered":"<p>\u3010\u5546\u54c1\u540d\u306e\u8272\u3084\u30b5\u30a4\u30ba\u306b\u3064\u3044\u3066\u3011<br \/>\n\u3053\u3061\u3089\u306f\u300c\u65e5\u672c\u88fd \u93e1\u9762 \u30a8\u30ca\u30e1\u30eb\u5857\u88c5 \u30b3\u30fc\u30ca\u30fc\u30dc\u30fc\u30c9 \u301075cm\u5e45 \u30db\u30ef\u30a4\u30c8\u3011 \u5b8c\u6210\u54c1\u300d\u306e\u5546\u54c1\u30da\u30fc\u30b8\u3067\u3059\u3002<br \/>\n\u5546\u54c1\u753b\u50cf\u3084\u5546\u54c1\u60c5\u5831\u306b\u306f\u3001\u8272\u9055\u3044\u3084\u30b5\u30a4\u30ba\u9055\u3044\u306e\u5546\u54c1\u304c\u8f09\u3063\u3066\u3044\u308b\u5834\u5408\u304c\u3054\u3056\u3044\u307e\u3059\u3002\u3054\u6ce8\u6587\u524d\u306b\u8272\u30fb\u30b5\u30a4\u30ba\u30fb\u30bb\u30c3\u30c8\u5185\u5bb9\u306e\u3054\u78ba\u8a8d\u3092\u304a\u9858\u3044\u3044\u305f\u3057\u307e\u3059\u3002<\/p>\n<p>\u3010\u5546\u54c1\u8aac\u660e\u3011<br \/>\n\u304a\u90e8\u5c4b\u3092\u6709\u52b9\u6d3b\u7528\u3067\u304d\u308b\u30b3\u30fc\u30ca\u30fc\u30bf\u30a4\u30d7\u306eTV\u30dc\u30fc\u30c9\u3002<\/p>\n<p>\u3010\u5546\u54c1\u30b5\u30a4\u30ba(cm\uff09\u301175\u00d775\u00d740\u00d740\u00d750<\/p>\n<p>\u3010\u6750\u8cea\u3011MDF\uff08\u30a8\u30ca\u30e1\u30eb\u5857\u88c5\uff09\u3001\u5929\u677f\uff1a\u30d7\u30ea\u30f3\u30c8\u7d19\u5316\u7ca7\u7e4a\u7dad\u677f<\/p>\n<p>\u3010\u751f\u7523\u56fd\u3011\u65e5\u672c\u88fd<\/p>\n<p>\u3010\u4ed5\u69d8\u3011\u5b8c\u6210\u54c1<\/p>\n<p>\u672c\u5546\u54c1\u306f\u304a\u53d6\u308a\u5bc4\u305b\u5546\u54c1\u306e\u305f\u3081\u3001\u7a00\u306b\u3054\u6ce8\u6587\u5165\u308c\u9055\u3044\u7b49\u306b\u3088\u308a\u6b20\u54c1\u30fb\u9045\u5ef6\u3068\u306a\u308b\u5834\u5408\u304c\u3054\u3056\u3044\u307e\u3059\u3002\u8aa0\u306b\u6050\u308c\u5165\u308a\u307e\u3059\u304c\u3001\u4f55\u5352\u3054\u4e86\u627f\u304f\u3060\u3055\u3044\u3002<br \/>\n\u307e\u305f\u3001\u4ee5\u4e0b\u306e\u5834\u5408\u306b\u306f\u8ffd\u52a0\u9001\u6599\u304c\u304b\u304b\u308b\u5834\u5408\u304c\u3054\u3056\u3044\u307e\u3059\u3002<\/p>\n<p>\u30fb\u6c96\u7e04\u3001\u96e2\u5cf6\u304a\u3088\u3073\u4e00\u90e8\u5730\u57df\u3078\u306e\u914d\u9001\u6642<br \/>\n\u30fb\u540c\u68b1\u4e0d\u53ef\u5546\u54c1\u306e\u8907\u6570\u8cfc\u5165\u6642<br \/>\n\u30fb\u540c\u68b1\u533a\u5206\u304c\u7570\u306a\u308b\u5546\u54c1\u306e\u8907\u6570\u8cfc\u5165\u6642<\/p>\n<p>\u3010\u51fa\u8377\u76ee\u5b89\u3011\uff1a3 &#8211; 6\u55b6\u696d\u65e5\u3000\u203b\u571f\u65e5\u30fb\u795d\u9664\u304f<br \/>\n\u3010\u540c\u68b1\u533a\u5206\u3011\uff1aTS 2392<br \/>\n\u3010\u540c\u68b1\u8a2d\u5b9a\u3011\uff1a\u540c\u68b1\u4e0d\u53ef<\/p>\n","protected":false},"excerpt":{"rendered":"<p>\u3010\u5546\u54c1\u540d\u306e\u8272\u3084\u30b5\u30a4\u30ba\u306b\u3064\u3044\u3066\u3011 \u3053\u3061\u3089\u306f\u300c\u65e5\u672c\u88fd \u93e1\u9762 \u30a8\u30ca\u30e1\u30eb\u5857\u88c5 \u30b3\u30fc\u30ca\u30fc\u30dc\u30fc\u30c9 \u301075cm\u5e45 \u30db\u30ef\u30a4\u30c8\u3011 \u5b8c\u6210\u54c1\u300d\u306e\u5546\u54c1\u30da\u30fc\u30b8\u3067\u3059\u3002 \u5546\u54c1\u753b\u50cf\u3084\u5546\u54c1\u60c5\u5831\u306b\u306f\u3001\u8272\u9055\u3044\u3084\u30b5\u30a4\u30ba\u9055\u3044\u306e\u5546\u54c1\u304c\u8f09\u3063\u3066\u3044\u308b\u5834\u5408\u304c\u3054\u3056\u3044\u307e\u3059\u3002\u3054&hellip;&nbsp;<\/p>\n","protected":false},"featured_media":142043,"template":"","meta":{"neve_meta_sidebar":"","neve_meta_container":"","neve_meta_enable_content_width":"","neve_meta_content_width":0,"neve_meta_title_alignment":"","neve_meta_author_avatar":"","neve_post_elements_order":"","neve_meta_disable_header":"","neve_meta_disable_footer":"","neve_meta_disable_title":"","jetpack_publicize_message":"","jetpack_publicize_feature_enabled":true,"jetpack_social_post_already_shared":false,"jetpack_social_options":{"image_generator_settings":{"template":"highway","default_image_id":0,"font":"","enabled":false},"version":2}},"product_brand":[],"product_cat":[20,43,42,18],"product_tag":[],"class_list":{"0":"post-142044","1":"product","2":"type-product","3":"status-publish","4":"has-post-thumbnail","6":"product_cat-20","7":"product_cat-43","8":"product_cat-42","9":"product_cat-18","11":"first","12":"instock","13":"taxable","14":"shipping-taxable","15":"purchasable","16":"product-type-simple"},"jetpack_publicize_connections":[],"jetpack_sharing_enabled":true,"_links":{"self":[{"href":"https:\/\/listman.shop\/furniture\/wp-json\/wp\/v2\/product\/142044","targetHints":{"allow":["GET"]}}],"collection":[{"href":"https:\/\/listman.shop\/furniture\/wp-json\/wp\/v2\/product"}],"about":[{"href":"https:\/\/listman.shop\/furniture\/wp-json\/wp\/v2\/types\/product"}],"wp:featuredmedia":[{"embeddable":true,"href":"https:\/\/listman.shop\/furniture\/wp-json\/wp\/v2\/media\/142043"}],"wp:attachment":[{"href":"https:\/\/listman.shop\/furniture\/wp-json\/wp\/v2\/media?parent=142044"}],"wp:term":[{"taxonomy":"product_brand","embeddable":true,"href":"https:\/\/listman.shop\/furniture\/wp-json\/wp\/v2\/product_brand?post=142044"},{"taxonomy":"product_cat","embeddable":true,"href":"https:\/\/listman.shop\/furniture\/wp-json\/wp\/v2\/product_cat?post=142044"},{"taxonomy":"product_tag","embeddable":true,"href":"https:\/\/listman.shop\/furniture\/wp-json\/wp\/v2\/product_tag?post=142044"}],"curies":[{"name":"wp","href":"https:\/\/api.w.org\/{rel}","templated":true}]}}