{"id":236632,"date":"2024-11-24T05:44:30","date_gmt":"2024-11-23T20:44:30","guid":{"rendered":"https:\/\/listman.shop\/furniture\/product\/ds-2596590\/"},"modified":"2026-04-16T16:33:14","modified_gmt":"2026-04-16T07:33:14","slug":"ds-2596590","status":"publish","type":"product","link":"https:\/\/listman.shop\/furniture\/product\/ds-2596590\/","title":{"rendered":"\u30d5\u30ed\u30a2\u30c1\u30a7\u30a2 \u5ea7\u6905\u5b50 \u7d04\u5e4550\u00d7\u5965\u884c56\u00d7\u9ad8\u305552\u00d7SH12cm \u30d9\u30fc\u30b8\u30e5 \u6728\u88fd \u5929\u7136\u6728"},"content":{"rendered":"<p>\u30ca\u30c1\u30e5\u30e9\u30eb\u306a\u751f\u5730\u611f\u3068\u5929\u7136\u6728\u306e\u7d44\u307f\u5408\u308f\u305b\u304c\u512a\u3057\u3055\u3092\u611f\u3058\u3055\u305b\u308b\u30d5\u30ed\u30a2\u30c1\u30a7\u30a2<br \/>\n \u5168\u4f53\u7684\u306b\u5927\u304d\u3081\u306e\u4f5c\u308a\u3067\u8001\u82e5\u7537\u5973\u554f\u308f\u305a\u3086\u3063\u305f\u308a\u3068\u5ea7\u308b\u3053\u3068\u304c\u3067\u304d\u308b\u30d5\u30ed\u30a2\u30c1\u30a7\u30a2\u306b\u3001\u69d8\u3005\u306a\u96f0\u56f2\u6c17\u306b\u5408\u308f\u305b\u3084\u3059\u3044<br \/>\n \u30d9\u30fc\u30b8\u30e5\u30ab\u30e9\u30fc\u304c\u767b\u5834\u3057\u307e\u3057\u305f\u3002\u5b89\u5b9a\u611f\u306e\u3042\u308b\u5929\u7136\u6728\u306e\u3059\u308a\u811a\u306f\u30ab\u30fc\u30da\u30c3\u30c8\u3084\u7573\u306e\u4e0a\u3067\u3082\u52d5\u304b\u3057\u3084\u3059\u3044\u306e\u3067\u5e8a\u3092<br \/>\n \u50b7\u3064\u3051\u306b\u304f\u304f\u3001\u548c\u5ba4\u30fb\u6d0b\u5ba4\u3068\u5834\u6240\u3092\u9078\u3070\u305a\u306b\u304a\u4f7f\u3044\u3044\u305f\u3060\u3051\u307e\u3059\u3002<br \/>\n \u25cf\u30ed\u30fc\u30c6\u30fc\u30d6\u30eb\u3068\u5408\u308f\u305b\u3066\u3082\u8db3\u3092\u4f38\u3070\u3057\u3066\u3086\u3063\u305f\u308a\u3068\u304f\u3064\u308d\u3052\u307e\u3059<br \/>\n \u25cf\u5ea7\u9762\u304c\u5927\u304d\u3044\u306e\u3067\u3042\u3050\u3089\u3067\u5ea7\u308b\u3053\u3068\u304c\u3067\u304d\u307e\u3059<br \/>\n \u25cf\u80cc\u9762\u306f\u5e45\u304c\u5e83\u304f\u4f53\u3092\u3057\u3063\u304b\u308a\u3068\u652f\u3048\u3066\u304f\u308c\u307e\u3059<\/p>\n<p>\u25a0\u30b5\u30a4\u30ba\u7d04\uff08cm\uff09 W50\u00d7D56\u00d7H52\u00d7SH12<\/p>\n<p>\u25a0\u7d20\u6750 \u5929\u7136\u6728\uff08\u30d3\u30fc\u30c1\uff09 \u30a6\u30ec\u30bf\u30f3\u5857\u88c5 \u30dd\u30ea\u30a8\u30b9\u30c6\u30eb<\/p>\n<p>\u25a0\u539f\u7523\u5730 \u4e2d\u56fd<\/p>\n<p>\u25a0\u30ab\u30e9\u30fc \u30d9\u30fc\u30b8\u30e5<\/p>\n<p>\u25a0\u5c0f\u7bb1\u7121<\/p>\n<p>\u25a0\u5b8c\u6210\u54c1<\/p>\n<p>\u25a0\u914d\u9001\u65e5\u6642\u6307\u5b9a\u306b\u3064\u3044\u3066<br \/>\n\u30fb\u3053\u306e\u5546\u54c1\u306f\u3001\u914d\u9001\u5e0c\u671b\u65e5\u3068\u6642\u9593\u5e2f\u3092\u3054\u6307\u5b9a\u53ef\u80fd\u3067\u3059\u3002<br \/>\n\u30fb\u914d\u9001\u5e0c\u671b\u65e5\u306f\u51fa\u8377\u76ee\u5b89(\u6700\u9577)\u306e 2 &#8211; 30 \u65e5\u5f8c\u306e\u9593\u3067\u3054\u6307\u5b9a\u304f\u3060\u3055\u3044\u3002<br \/>\n\u30fb\u6700\u77ed\u3067\u306e\u304a\u5c4a\u3051\u3092\u3054\u5e0c\u671b\u306e\u5834\u5408\u306f\u300c\u6307\u5b9a\u306a\u3057\u300d\u3092\u9078\u629e\u3057\u3066\u304f\u3060\u3055\u3044\u3002<br \/>\n\u203b\u914d\u9001\u30a8\u30ea\u30a2(\u4f8b\uff1a\u6c96\u7e04\u30fb\u96e2\u5cf6)\u306b\u3088\u308a\u3001\u914d\u9001\u5e0c\u671b\u65e5\u306e\u3054\u6307\u5b9a\u3092\u304a\u53d7\u3051\u3057\u304b\u306d\u308b\u5834\u5408\u304c\u3054\u3056\u3044\u307e\u3059\u3002<\/p>\n<p>\u672c\u5546\u54c1\u306f\u304a\u53d6\u308a\u5bc4\u305b\u5546\u54c1\u306e\u305f\u3081\u3001\u7a00\u306b\u3054\u6ce8\u6587\u5165\u308c\u9055\u3044\u7b49\u306b\u3088\u308a\u6b20\u54c1\u30fb\u9045\u5ef6\u3068\u306a\u308b\u5834\u5408\u304c\u3054\u3056\u3044\u307e\u3059\u3002\u8aa0\u306b\u6050\u308c\u5165\u308a\u307e\u3059\u304c\u3001\u4f55\u5352\u3054\u4e86\u627f\u304f\u3060\u3055\u3044\u3002<br \/>\n\u307e\u305f\u3001\u4ee5\u4e0b\u306e\u5834\u5408\u306b\u306f\u8ffd\u52a0\u9001\u6599\u304c\u304b\u304b\u308b\u5834\u5408\u304c\u3054\u3056\u3044\u307e\u3059\u3002<\/p>\n<p>\u30fb\u6c96\u7e04\u3001\u96e2\u5cf6\u304a\u3088\u3073\u4e00\u90e8\u5730\u57df\u3078\u306e\u914d\u9001\u6642<br \/>\n\u30fb\u540c\u68b1\u4e0d\u53ef\u5546\u54c1\u306e\u8907\u6570\u8cfc\u5165\u6642<br \/>\n\u30fb\u540c\u68b1\u533a\u5206\u304c\u7570\u306a\u308b\u5546\u54c1\u306e\u8907\u6570\u8cfc\u5165\u6642<\/p>\n<p>\u3010\u51fa\u8377\u76ee\u5b89\u3011\uff1a2 &#8211; 4\u55b6\u696d\u65e5\u3000\u203b\u571f\u65e5\u30fb\u795d\u9664\u304f<br \/>\n\u3010\u540c\u68b1\u533a\u5206\u3011\uff1aTS 1612<br \/>\n\u3010\u540c\u68b1\u8a2d\u5b9a\u3011\uff1a\u540c\u68b1\u4e0d\u53ef<\/p>\n","protected":false},"excerpt":{"rendered":"<p>\u30ca\u30c1\u30e5\u30e9\u30eb\u306a\u751f\u5730\u611f\u3068\u5929\u7136\u6728\u306e\u7d44\u307f\u5408\u308f\u305b\u304c\u512a\u3057\u3055\u3092\u611f\u3058\u3055\u305b\u308b\u30d5\u30ed\u30a2\u30c1\u30a7\u30a2 \u5168\u4f53\u7684\u306b\u5927\u304d\u3081\u306e\u4f5c\u308a\u3067\u8001\u82e5\u7537\u5973\u554f\u308f\u305a\u3086\u3063\u305f\u308a\u3068\u5ea7\u308b\u3053\u3068\u304c\u3067\u304d\u308b\u30d5\u30ed\u30a2\u30c1\u30a7\u30a2\u306b\u3001\u69d8\u3005\u306a\u96f0\u56f2\u6c17\u306b\u5408\u308f\u305b\u3084\u3059\u3044 \u30d9\u30fc\u30b8\u30e5\u30ab\u30e9\u30fc\u304c\u767b\u5834\u3057\u307e\u3057\u305f\u3002\u5b89\u5b9a\u611f\u306e\u3042\u308b&hellip;&nbsp;<\/p>\n","protected":false},"featured_media":236630,"template":"","meta":{"neve_meta_sidebar":"","neve_meta_container":"","neve_meta_enable_content_width":"","neve_meta_content_width":0,"neve_meta_title_alignment":"","neve_meta_author_avatar":"","neve_post_elements_order":"","neve_meta_disable_header":"","neve_meta_disable_footer":"","neve_meta_disable_title":"","jetpack_publicize_message":"","jetpack_publicize_feature_enabled":true,"jetpack_social_post_already_shared":true,"jetpack_social_options":{"image_generator_settings":{"template":"highway","default_image_id":0,"font":"","enabled":false},"version":2}},"product_brand":[],"product_cat":[20,110,67,18],"product_tag":[],"class_list":{"0":"post-236632","1":"product","2":"type-product","3":"status-publish","4":"has-post-thumbnail","6":"product_cat-20","7":"product_cat-110","8":"product_cat-67","9":"product_cat-18","11":"first","12":"instock","13":"taxable","14":"shipping-taxable","15":"purchasable","16":"product-type-simple"},"jetpack_publicize_connections":[],"jetpack_sharing_enabled":true,"_links":{"self":[{"href":"https:\/\/listman.shop\/furniture\/wp-json\/wp\/v2\/product\/236632","targetHints":{"allow":["GET"]}}],"collection":[{"href":"https:\/\/listman.shop\/furniture\/wp-json\/wp\/v2\/product"}],"about":[{"href":"https:\/\/listman.shop\/furniture\/wp-json\/wp\/v2\/types\/product"}],"wp:featuredmedia":[{"embeddable":true,"href":"https:\/\/listman.shop\/furniture\/wp-json\/wp\/v2\/media\/236630"}],"wp:attachment":[{"href":"https:\/\/listman.shop\/furniture\/wp-json\/wp\/v2\/media?parent=236632"}],"wp:term":[{"taxonomy":"product_brand","embeddable":true,"href":"https:\/\/listman.shop\/furniture\/wp-json\/wp\/v2\/product_brand?post=236632"},{"taxonomy":"product_cat","embeddable":true,"href":"https:\/\/listman.shop\/furniture\/wp-json\/wp\/v2\/product_cat?post=236632"},{"taxonomy":"product_tag","embeddable":true,"href":"https:\/\/listman.shop\/furniture\/wp-json\/wp\/v2\/product_tag?post=236632"}],"curies":[{"name":"wp","href":"https:\/\/api.w.org\/{rel}","templated":true}]}}