{"id":236971,"date":"2024-11-28T07:46:54","date_gmt":"2024-11-27T22:46:54","guid":{"rendered":"https:\/\/listman.shop\/furniture\/product\/ds-2401424\/"},"modified":"2026-02-19T12:33:15","modified_gmt":"2026-02-19T03:33:15","slug":"ds-2401424","status":"publish","type":"product","link":"https:\/\/listman.shop\/furniture\/product\/ds-2401424\/","title":{"rendered":"\u30e1\u30a4\u30af\u30dc\u30c3\u30af\u30b9 \u30b3\u30b9\u30e1\u30dc\u30c3\u30af\u30b9 \u7d04\u5e4540cm \u30ed\u30fc\u30bf\u30a4\u30d7 \u30db\u30ef\u30a4\u30c8 \u30ad\u30e3\u30b9\u30bf\u30fc\u4ed8\u304d \u30b3\u30f3\u30d1\u30af\u30c8 \u30e1\u30a4\u30af\u30ef\u30b4\u30f3 \u30c9\u30ec\u30c3\u30b5\u30fc\u30ef\u30b4\u30f3"},"content":{"rendered":"<p>\u25cf\u30ad\u30e3\u30b9\u30bf\u30fc\u4ed8\u304d\u306a\u306e\u3067\u304a\u597d\u304d\u306a\u5834\u6240\u3078\u79fb\u52d5\u304c\u697d\u3005\u3002<\/p>\n<p>\u25cf\u53ce\u7d0d\uff1a\u5f15\u51fa\u00d73\u676f(\u6b63\u9762\u00d7\uff12\u30fb\u5074\u9762\u00d7\uff11)\u30fb\u5929\u677f\u3092\u958b\u3051\u308b\u3068\u5c0f\u7269\u53ce\u7d0d\u30fb\u30c6\u30a3\u30c3\u30b7\u30e5(\u6df1\u3055\u7d0421cm)\u3002<\/p>\n<p>\u25cf\u5929\u677f\u3092\u9589\u3058\u308c\u3070\u3061\u3087\u3063\u3068\u3057\u305f\u30b5\u30a4\u30c9\u30c6\u30fc\u30d6\u30eb\u306b\u3002\u30b3\u30f3\u30d1\u30af\u30c8\u30b5\u30a4\u30ba\u306a\u306e\u3067\u3001\u30ea\u30d3\u30f3\u30b0\u30fb\u304a\u90e8\u5c4b\u3067\u3082\u90aa\u9b54\u306b\u306a\u308a\u307e\u305b\u3093\u3002<\/p>\n<p>\u25a0\u91cd\u91cf\uff1a\u7d049.2kg <\/p>\n<p>\u25a0\u30ab\u30e9\u30fc\uff1a\u30db\u30ef\u30a4\u30c8 <\/p>\n<p>\u25a0\u5b8c\u6210\u54c1(\u4e00\u90e8\u7d44\u7acb) <\/p>\n<p>\u25a0\u6750\u8cea\uff1aMDF\u30fb\u30df\u30e9\u30fc\u30fb\u30ad\u30e3\u30b9\u30bf\u30fc <\/p>\n<p>\u25a0\u30b5\u30a4\u30ba\uff1a\u7d04W40\u00d7D27.5\u00d7H41.5cm <\/p>\n<p>\u25a0\u5f15\u51fa3\u676f(\u6b63\u9762\u00d7\uff12\u30fb\u5074\u9762\u00d71\uff09<\/p>\n<p>\u25a0\u53ce\u7d0d(\u5927)\u5185\u5bf8\uff1a\u7d04W37 \u00d7D8\u00d7H21cm <\/p>\n<p>\u25a0\u53ce\u7d0d(\u4e2d)\u5185\u5bf8\uff1a\u7d04W27\u00d7D12\u00d7H5cm <\/p>\n<p>\u25a0\u53ce\u7d0d(\u5c0f)\u5185\u5bf8\uff1a\u7d04W8\u00d7D12\u00d7H21cm <\/p>\n<p>\u25a0\u672c\u4f53\u524d\u5f15\u51fa\u5185\u5bf8\uff1a\u7d04W25\u00d7D11\u00d7H5cm\u00d7\uff12 <\/p>\n<p>\u25a0\u5074\u9762\u5f15\u51fa\u5185\u5bf8\uff1a\u7d04W20\u00d7D27\u00d7H6cm <\/p>\n<p>\u25a0\u30ad\u30e3\u30b9\u30bf\u30fc\u9ad8\uff1a\u7d045.5cm <\/p>\n<p>\u25a0\u53d6\u3063\u624b\uff1a\u7d043.5cm <\/p>\n<p>\u25a0\u3064\u307e\u307f\uff1a\u7d042cm <\/p>\n<p>\u25a0\u30df\u30e9\u30fc\u30b5\u30a4\u30ba\uff1a\u7d04W34\u00d7H19.5cm<\/p>\n<p>\u672c\u5546\u54c1\u306f\u304a\u53d6\u308a\u5bc4\u305b\u5546\u54c1\u306e\u305f\u3081\u3001\u7a00\u306b\u3054\u6ce8\u6587\u5165\u308c\u9055\u3044\u7b49\u306b\u3088\u308a\u6b20\u54c1\u30fb\u9045\u5ef6\u3068\u306a\u308b\u5834\u5408\u304c\u3054\u3056\u3044\u307e\u3059\u3002\u8aa0\u306b\u6050\u308c\u5165\u308a\u307e\u3059\u304c\u3001\u4f55\u5352\u3054\u4e86\u627f\u304f\u3060\u3055\u3044\u3002<br \/>\n\u307e\u305f\u3001\u4ee5\u4e0b\u306e\u5834\u5408\u306b\u306f\u8ffd\u52a0\u9001\u6599\u304c\u304b\u304b\u308b\u5834\u5408\u304c\u3054\u3056\u3044\u307e\u3059\u3002<\/p>\n<p>\u30fb\u6c96\u7e04\u3001\u96e2\u5cf6\u304a\u3088\u3073\u4e00\u90e8\u5730\u57df\u3078\u306e\u914d\u9001\u6642<br \/>\n\u30fb\u540c\u68b1\u4e0d\u53ef\u5546\u54c1\u306e\u8907\u6570\u8cfc\u5165\u6642<br \/>\n\u30fb\u540c\u68b1\u533a\u5206\u304c\u7570\u306a\u308b\u5546\u54c1\u306e\u8907\u6570\u8cfc\u5165\u6642<\/p>\n<p>\u3010\u51fa\u8377\u76ee\u5b89\u3011\uff1a3 &#8211; 6\u55b6\u696d\u65e5\u3000\u203b\u571f\u65e5\u30fb\u795d\u9664\u304f<br \/>\n\u3010\u540c\u68b1\u533a\u5206\u3011\uff1aTS 2322<br \/>\n\u3010\u540c\u68b1\u8a2d\u5b9a\u3011\uff1a\u540c\u68b1\u4e0d\u53ef<\/p>\n","protected":false},"excerpt":{"rendered":"<p>\u25cf\u30ad\u30e3\u30b9\u30bf\u30fc\u4ed8\u304d\u306a\u306e\u3067\u304a\u597d\u304d\u306a\u5834\u6240\u3078\u79fb\u52d5\u304c\u697d\u3005\u3002 \u25cf\u53ce\u7d0d\uff1a\u5f15\u51fa\u00d73\u676f(\u6b63\u9762\u00d7\uff12\u30fb\u5074\u9762\u00d7\uff11)\u30fb\u5929\u677f\u3092\u958b\u3051\u308b\u3068\u5c0f\u7269\u53ce\u7d0d\u30fb\u30c6\u30a3\u30c3\u30b7\u30e5(\u6df1\u3055\u7d0421cm)\u3002 \u25cf\u5929\u677f\u3092\u9589\u3058\u308c\u3070\u3061\u3087\u3063\u3068\u3057\u305f\u30b5\u30a4\u30c9\u30c6\u30fc\u30d6\u30eb\u306b\u3002\u30b3\u30f3\u30d1\u30af\u30c8\u30b5\u30a4\u30ba\u306a\u306e\u3067\u3001\u30ea&hellip;&nbsp;<\/p>\n","protected":false},"featured_media":236970,"template":"","meta":{"neve_meta_sidebar":"","neve_meta_container":"","neve_meta_enable_content_width":"","neve_meta_content_width":0,"neve_meta_title_alignment":"","neve_meta_author_avatar":"","neve_post_elements_order":"","neve_meta_disable_header":"","neve_meta_disable_footer":"","neve_meta_disable_title":"","jetpack_publicize_message":"","jetpack_publicize_feature_enabled":true,"jetpack_social_post_already_shared":true,"jetpack_social_options":{"image_generator_settings":{"template":"highway","default_image_id":0,"font":"","enabled":false},"version":2}},"product_brand":[],"product_cat":[20,171,44,18],"product_tag":[],"class_list":{"0":"post-236971","1":"product","2":"type-product","3":"status-publish","4":"has-post-thumbnail","6":"product_cat-20","7":"product_cat-171","8":"product_cat-44","9":"product_cat-18","11":"first","12":"instock","13":"taxable","14":"shipping-taxable","15":"purchasable","16":"product-type-simple"},"jetpack_publicize_connections":[],"jetpack_sharing_enabled":true,"_links":{"self":[{"href":"https:\/\/listman.shop\/furniture\/wp-json\/wp\/v2\/product\/236971","targetHints":{"allow":["GET"]}}],"collection":[{"href":"https:\/\/listman.shop\/furniture\/wp-json\/wp\/v2\/product"}],"about":[{"href":"https:\/\/listman.shop\/furniture\/wp-json\/wp\/v2\/types\/product"}],"wp:featuredmedia":[{"embeddable":true,"href":"https:\/\/listman.shop\/furniture\/wp-json\/wp\/v2\/media\/236970"}],"wp:attachment":[{"href":"https:\/\/listman.shop\/furniture\/wp-json\/wp\/v2\/media?parent=236971"}],"wp:term":[{"taxonomy":"product_brand","embeddable":true,"href":"https:\/\/listman.shop\/furniture\/wp-json\/wp\/v2\/product_brand?post=236971"},{"taxonomy":"product_cat","embeddable":true,"href":"https:\/\/listman.shop\/furniture\/wp-json\/wp\/v2\/product_cat?post=236971"},{"taxonomy":"product_tag","embeddable":true,"href":"https:\/\/listman.shop\/furniture\/wp-json\/wp\/v2\/product_tag?post=236971"}],"curies":[{"name":"wp","href":"https:\/\/api.w.org\/{rel}","templated":true}]}}