{"id":253792,"date":"2025-02-11T10:21:57","date_gmt":"2025-02-11T01:21:57","guid":{"rendered":"https:\/\/listman.shop\/furniture\/product\/ds-2420279\/"},"modified":"2026-01-04T01:04:17","modified_gmt":"2026-01-03T16:04:17","slug":"ds-2420279","status":"publish","type":"product","link":"https:\/\/listman.shop\/furniture\/product\/ds-2420279\/","title":{"rendered":"\u30aa\u30d5\u30a3\u30b9\u30c1\u30a7\u30a2 \u30c7\u30b9\u30af\u30c1\u30a7\u30a2 \u7d04\u5e4547.5cm \u30db\u30ef\u30a4\u30c8 \u5ea7\u9762\u56de\u8ee2\u5f0f \u30ad\u30e3\u30b9\u30bf\u30fc \u7d44\u7acb\u54c1 \u30ea\u30d3\u30f3\u30b0 \u5728\u5b85\u30ef\u30fc\u30af \u30c6\u30ec\u30ef\u30fc\u30af"},"content":{"rendered":"<p>\u3010\u30e1\u30fc\u30ab\u30fc\u540d\u3011\u6771\u8c37\uff08AZUMAYA\uff09<\/p>\n<p>\u3010\u5546\u54c1\u306e\u8272\u3084\u30b5\u30a4\u30ba\u306b\u3064\u3044\u3066\u3011<br \/>\n\u753b\u50cf\u3084\u5546\u54c1\u60c5\u5831\u306b\u306f\u3001\u8272\u9055\u3044\u3084\u30b5\u30a4\u30ba\u9055\u3044\u306e\u5546\u54c1\u304c\u8f09\u3063\u3066\u3044\u308b\u5834\u5408\u304c\u3054\u3056\u3044\u307e\u3059\u3002\u3054\u6ce8\u6587\u524d\u306b\u8272\u30fb\u30b5\u30a4\u30ba\u30fb\u30bb\u30c3\u30c8\u5185\u5bb9\u306e\u3054\u78ba\u8a8d\u3092\u304a\u9858\u3044\u3044\u305f\u3057\u307e\u3059\u3002<\/p>\n<p>\u3010\u5546\u54c1\u8aac\u660e\u3011<br \/>\n\u66f2\u7dda\u30d9\u30fc\u30b9\u306e\u7f8e\u3057\u3055\u304c\u7279\u5fb4\u7684\u306a\u30c1\u30a7\u30a2\u3002<br \/>\n\u4f53\u306b\u30d5\u30a3\u30c3\u30c8\u3059\u308b\u30b7\u30a7\u30eb\u578b\u30c7\u30b6\u30a4\u30f3\u3067\u3001\u5feb\u9069\u306a\u5ea7\u308a\u5fc3\u5730\u304c\u5f97\u3089\u308c\u307e\u3059\u3002<\/p>\n<p>\u3010\u30b5\u30a4\u30ba(\u7d04)\u3011<br \/>\nW47.5\u00d7D53\u00d7H62.5\u00d7SH46cm<\/p>\n<p>\u3010\u5546\u54c1\u91cd\u91cf(\u7d04)\u3011<br \/>\n5.5kg<\/p>\n<p>\u3010\u30ab\u30e9\u30fc\u3011<br \/>\n\u30db\u30ef\u30a4\u30c8<\/p>\n<p>\u3010\u6750\u8cea\u3011<br \/>\n\u30b9\u30c1\u30fc\u30eb(\u7c89\u4f53\u5857\u88c5)<br \/>\n\u30dd\u30ea\u30d7\u30ed\u30d4\u30ec\u30f3<\/p>\n<p>\u3010\u9759\u7684\u8010\u8377\u91cd(\u7d04)\u3011<br \/>\n80kg<\/p>\n<p>\u3010\u6a5f\u80fd\u3011<br \/>\n\u5ea7\u9762\u56de\u8ee2<\/p>\n<p>\u3010\u539f\u7523\u5730\u3011<br \/>\n\u4e2d\u56fd<\/p>\n<p>\u3010\u7d44\u7acb\u3066\u306b\u3064\u3044\u3066\u3011<br \/>\n\u30fb\u672c\u54c1\u306f\u304a\u5ba2\u69d8\u306b\u3066\u7d44\u7acb\u3066\u306e\u4f5c\u696d\u304c\u5fc5\u8981\u3068\u306a\u308a\u307e\u3059\u3002<br \/>\n\u30fb\u5546\u54c1\u306e\u7d44\u7acb\u3066\u958b\u59cb\u524d\u306b\u3001\u90e8\u6750\u4e0d\u8db3\u30fb\u7834\u640d\u304c\u306a\u3044\u304b\u5fc5\u305a\u3054\u78ba\u8a8d\u304f\u3060\u3055\u3044\u3002<br \/>\n\u30fb\u4ed8\u5c5e\u5de5\u5177\uff1a\u3042\u308a<br \/>\n\u30fb\u7d44\u7acb\u4eba\u6570\uff1a2\u4eba<br \/>\n\u30fb\u7d44\u7acb\u6642\u9593\uff1a10\u5206<\/p>\n<p>\u672c\u5546\u54c1\u306f\u304a\u53d6\u308a\u5bc4\u305b\u5546\u54c1\u306e\u305f\u3081\u3001\u7a00\u306b\u3054\u6ce8\u6587\u5165\u308c\u9055\u3044\u7b49\u306b\u3088\u308a\u6b20\u54c1\u30fb\u9045\u5ef6\u3068\u306a\u308b\u5834\u5408\u304c\u3054\u3056\u3044\u307e\u3059\u3002\u8aa0\u306b\u6050\u308c\u5165\u308a\u307e\u3059\u304c\u3001\u4f55\u5352\u3054\u4e86\u627f\u304f\u3060\u3055\u3044\u3002<br \/>\n\u307e\u305f\u3001\u4ee5\u4e0b\u306e\u5834\u5408\u306b\u306f\u8ffd\u52a0\u9001\u6599\u304c\u304b\u304b\u308b\u5834\u5408\u304c\u3054\u3056\u3044\u307e\u3059\u3002<\/p>\n<p>\u30fb\u6c96\u7e04\u3001\u96e2\u5cf6\u304a\u3088\u3073\u4e00\u90e8\u5730\u57df\u3078\u306e\u914d\u9001\u6642<br \/>\n\u30fb\u540c\u68b1\u4e0d\u53ef\u5546\u54c1\u306e\u8907\u6570\u8cfc\u5165\u6642<br \/>\n\u30fb\u540c\u68b1\u533a\u5206\u304c\u7570\u306a\u308b\u5546\u54c1\u306e\u8907\u6570\u8cfc\u5165\u6642<\/p>\n<p>\u3010\u51fa\u8377\u76ee\u5b89\u3011\uff1a2 &#8211; 9\u55b6\u696d\u65e5\u3000\u203b\u571f\u65e5\u30fb\u795d\u9664\u304f<br \/>\n\u3010\u540c\u68b1\u533a\u5206\u3011\uff1aTS 1612<br \/>\n\u3010\u540c\u68b1\u8a2d\u5b9a\u3011\uff1a\u540c\u68b1\u4e0d\u53ef<\/p>\n","protected":false},"excerpt":{"rendered":"<p>\u3010\u30e1\u30fc\u30ab\u30fc\u540d\u3011\u6771\u8c37\uff08AZUMAYA\uff09 \u3010\u5546\u54c1\u306e\u8272\u3084\u30b5\u30a4\u30ba\u306b\u3064\u3044\u3066\u3011 \u753b\u50cf\u3084\u5546\u54c1\u60c5\u5831\u306b\u306f\u3001\u8272\u9055\u3044\u3084\u30b5\u30a4\u30ba\u9055\u3044\u306e\u5546\u54c1\u304c\u8f09\u3063\u3066\u3044\u308b\u5834\u5408\u304c\u3054\u3056\u3044\u307e\u3059\u3002\u3054\u6ce8\u6587\u524d\u306b\u8272\u30fb\u30b5\u30a4\u30ba\u30fb\u30bb\u30c3\u30c8\u5185\u5bb9\u306e\u3054\u78ba\u8a8d\u3092\u304a\u9858\u3044\u3044\u305f\u3057\u307e\u3059\u3002 \u3010\u5546\u54c1\u8aac\u660e\u3011 \u66f2&hellip;&nbsp;<\/p>\n","protected":false},"featured_media":253790,"template":"","meta":{"neve_meta_sidebar":"","neve_meta_container":"","neve_meta_enable_content_width":"","neve_meta_content_width":0,"neve_meta_title_alignment":"","neve_meta_author_avatar":"","neve_post_elements_order":"","neve_meta_disable_header":"","neve_meta_disable_footer":"","neve_meta_disable_title":"","jetpack_publicize_message":"","jetpack_publicize_feature_enabled":true,"jetpack_social_post_already_shared":true,"jetpack_social_options":{"image_generator_settings":{"template":"highway","default_image_id":0,"font":"","enabled":false},"version":2}},"product_brand":[],"product_cat":[20,206,67,18],"product_tag":[],"class_list":{"0":"post-253792","1":"product","2":"type-product","3":"status-publish","4":"has-post-thumbnail","6":"product_cat-20","7":"product_cat-206","8":"product_cat-67","9":"product_cat-18","11":"first","12":"instock","13":"taxable","14":"shipping-taxable","15":"purchasable","16":"product-type-simple"},"jetpack_publicize_connections":[],"jetpack_sharing_enabled":true,"_links":{"self":[{"href":"https:\/\/listman.shop\/furniture\/wp-json\/wp\/v2\/product\/253792","targetHints":{"allow":["GET"]}}],"collection":[{"href":"https:\/\/listman.shop\/furniture\/wp-json\/wp\/v2\/product"}],"about":[{"href":"https:\/\/listman.shop\/furniture\/wp-json\/wp\/v2\/types\/product"}],"wp:featuredmedia":[{"embeddable":true,"href":"https:\/\/listman.shop\/furniture\/wp-json\/wp\/v2\/media\/253790"}],"wp:attachment":[{"href":"https:\/\/listman.shop\/furniture\/wp-json\/wp\/v2\/media?parent=253792"}],"wp:term":[{"taxonomy":"product_brand","embeddable":true,"href":"https:\/\/listman.shop\/furniture\/wp-json\/wp\/v2\/product_brand?post=253792"},{"taxonomy":"product_cat","embeddable":true,"href":"https:\/\/listman.shop\/furniture\/wp-json\/wp\/v2\/product_cat?post=253792"},{"taxonomy":"product_tag","embeddable":true,"href":"https:\/\/listman.shop\/furniture\/wp-json\/wp\/v2\/product_tag?post=253792"}],"curies":[{"name":"wp","href":"https:\/\/api.w.org\/{rel}","templated":true}]}}